{"id":4494,"date":"2025-12-03T10:38:39","date_gmt":"2025-12-03T09:38:39","guid":{"rendered":"https:\/\/bnwburger.com\/?page_id=4494"},"modified":"2026-04-21T16:53:17","modified_gmt":"2026-04-21T14:53:17","slug":"politique-de-cookies","status":"publish","type":"page","link":"https:\/\/bnwburger.com\/nl\/politique-de-cookies\/","title":{"rendered":"Cookiebeleid"},"content":{"rendered":"<div data-elementor-type=\"wp-page\" data-elementor-id=\"4494\" class=\"elementor elementor-4494\" data-elementor-post-type=\"page\">\n\t\t\t\t\t\t<section class=\"elementor-section elementor-top-section elementor-element elementor-element-374c98b6 elementor-section-boxed elementor-section-height-default elementor-section-height-default\" data-id=\"374c98b6\" data-element_type=\"section\" data-e-type=\"section\">\n\t\t\t\t\t\t<div class=\"elementor-container elementor-column-gap-default\">\n\t\t\t\t\t<div class=\"elementor-column elementor-col-100 elementor-top-column elementor-element elementor-element-5140e318\" data-id=\"5140e318\" data-element_type=\"column\" data-e-type=\"column\">\n\t\t\t<div class=\"elementor-widget-wrap elementor-element-populated\">\n\t\t\t\t\t\t<div class=\"elementor-element elementor-element-48264890 elementor-widget elementor-widget-heading\" data-id=\"48264890\" data-element_type=\"widget\" data-e-type=\"widget\" data-widget_type=\"heading.default\">\n\t\t\t\t<div class=\"elementor-widget-container\">\n\t\t\t\t\t<h1 class=\"elementor-heading-title elementor-size-default\">Cookiebeleid<\/h1>\t\t\t\t<\/div>\n\t\t\t\t<\/div>\n\t\t\t\t<div class=\"elementor-element elementor-element-d5fcc4e elementor-widget elementor-widget-spacer\" data-id=\"d5fcc4e\" data-element_type=\"widget\" data-e-type=\"widget\" data-widget_type=\"spacer.default\">\n\t\t\t\t<div class=\"elementor-widget-container\">\n\t\t\t\t\t\t\t<div class=\"elementor-spacer\">\n\t\t\t<div class=\"elementor-spacer-inner\"><\/div>\n\t\t<\/div>\n\t\t\t\t\t\t<\/div>\n\t\t\t\t<\/div>\n\t\t\t\t<div class=\"elementor-element elementor-element-9e38586 elementor-widget__width-initial elementor-widget elementor-widget-text-editor\" data-id=\"9e38586\" data-element_type=\"widget\" data-e-type=\"widget\" data-widget_type=\"text-editor.default\">\n\t\t\t\t<div class=\"elementor-widget-container\">\n\t\t\t\t\t\t\t\t\t<p><strong>COOKIEBELEID<\/strong><\/p><p>Wanneer u door de site bladert <span style=\"text-decoration: underline;\">https:\/\/bnwburger.com<\/span> (hierna de \"Site\"), kunnen cookies en andere trackingapparaten op uw terminal (computer, smartphone, tablet, enz.) worden geplaatst of door u worden gelezen, afhankelijk van uw keuzes en de instellingen die u hebt gedefinieerd.<\/p><p>Het doel van dit Cookiebeleid is om u duidelijke en transparante informatie te geven over :<\/p><ul><li>wat cookies zijn en waarvoor ze worden gebruikt,<\/li><li>de soorten cookies die op onze Site worden gebruikt,<\/li><li>de doeleinden van deze cookies,<\/li><li>uw rechten en middelen om het gebruik ervan te aanvaarden, te weigeren of te configureren.<\/li><\/ul><p>Door verder te surfen op de Site of door alle of sommige cookies te accepteren via de informatiebanner die bij uw eerste bezoek wordt weergegeven, stemt u in met het gebruik van cookies in overeenstemming met de hieronder beschreven voorwaarden.<\/p><p>In sommige gevallen kunnen de cookies die op onze Site worden gebruikt persoonlijke gegevens over u verzamelen (zoals uw IP-adres, sessie-id's, browservoorkeuren, etc.).<\/p><p>Wanneer dergelijke gegevens worden verzameld door BLACK CHEDDAR (het \"Bedrijf\") als gegevensbeheerder, zullen deze worden verwerkt in overeenstemming met ons Privacybeleid, dat u dient te raadplegen voor meer informatie over uw rechten en het beheer van uw gegevens.<\/p><p>Sommige cookies worden echter geplaatst door derden (partners of technische dienstverleners), die voor hun eigen doeleinden persoonsgegevens kunnen verzamelen en verwerken. In dit geval is het bedrijf niet verantwoordelijk voor de verwerking door deze partners.<\/p><p>We nodigen u uit om hun privacybeleid rechtstreeks te raadplegen, beschikbaar via de link voor elke partner in sectie 4 van dit Cookiebeleid, om precies te weten te komen hoe uw gegevens worden verwerkt.<\/p><p><strong>WAT IS EEN COOKIE?<\/strong><\/p><p>Een cookie is een klein bestand of een reeks informatie, ge\u00efdentificeerd met een naam, die naar uw browser kan worden gestuurd door een website waarmee u verbinding maakt. Dit bestand wordt vervolgens gedurende een bepaalde tijd door uw browser opgeslagen en telkens wanneer u opnieuw verbinding maakt met de site, teruggestuurd naar de webserver.<\/p><p>Cookies kunnen voor verschillende doeleinden worden gebruikt: het opslaan van een klant-ID, de inhoud van een winkelmandje of het bijhouden van het surfgedrag van gebruikers voor statistische of reclamedoeleinden.<\/p><p>Sommige cookies worden rechtstreeks geplaatst door de site die u bezoekt; deze staan bekend als \"eigen\" cookies. Andere kunnen worden geplaatst door externe partners (bijvoorbeeld voor reclame of statistische analyse), deze staan bekend als \"third-party\" cookies.<\/p><p>Voor het plaatsen of lezen van bepaalde cookies kan uw toestemming nodig zijn, terwijl andere cookies, die strikt noodzakelijk zijn voor de werking van de site, zijn vrijgesteld van toestemming.<\/p><p><strong>VERANTWOORDELIJK VOOR HET BEHEREN VAN COOKIES<\/strong><\/p><p>Cookies op de Site worden beheerd door BLACK CHEDDAR, een vereenvoudigde naamloze vennootschap met een kapitaal van \u20ac 1.000, waarvan de maatschappelijke zetel gevestigd is te 10 rue Greneta, 75003 PARIJS, ingeschreven in het handels- en ondernemingsregister van Parijs onder nummer 847 794 278.<\/p><p>De Vennootschap treedt op als gegevensbeheerder voor de cookies die rechtstreeks op de Site worden geplaatst en beheerd.<\/p><p><strong>DOEL VAN DE COOKIES DIE OP DE SITE WORDEN GEBRUIKT<\/strong><\/p><p>We gebruiken verschillende categorie\u00ebn cookies, elk met een specifiek doel:<\/p><p><strong>Functionele cookies (strikt noodzakelijk)<\/strong><br \/>Deze cookies zijn essentieel voor de goede werking van de Site. Ze maken het met name mogelijk om basisfuncties te bieden (verbinding, beveiliging, toegankelijkheid) of om te reageren op een specifiek verzoek van de gebruiker, zoals het onthouden van zijn voorkeuren.<br \/>Deze cookies zijn altijd ingeschakeld en vereisen geen toestemming.<\/p><p><strong>Statistische cookies (publieksmeting)<\/strong><br \/>Deze cookies worden gebruikt om anonieme informatie te verzamelen over hoe bezoekers de Site gebruiken, uitsluitend voor statistische doeleinden.<br \/>Deze gegevens helpen ons de prestaties en ergonomie van de Site te verbeteren.<br \/>Met de verzamelde informatie kunt u niet persoonlijk worden ge\u00efdentificeerd.<\/p><p><strong>Marketing cookies<\/strong><br \/>Deze cookies worden gebruikt om anonieme surfprofielen aan te maken om gerichte en relevante advertenties weer te geven op onze Site of op andere sites.<br \/>Ze worden ook gebruikt om de effectiviteit van reclamecampagnes te meten en om bezoekers op verschillende sites te volgen.<\/p><p><strong>LIJST VAN COOKIES EN EXTERNE PARTNERS<\/strong><\/p><p>Cookies kunnen worden geplaatst door gemachtigde derden voor technische, analytische of reclamedoeleinden. Deze partners kunnen gegevens namens zichzelf verzamelen, in overeenstemming met hun eigen vertrouwelijkheidsbeleid.<\/p><p><strong>VOORWAARDEN VOOR HET ACCEPTEREN OF WEIGEREN VAN COOKIES<\/strong><\/p><p>Wanneer u de Site voor de eerste keer bezoekt, wordt een toestemmingsbanner weergegeven waarmee u:<\/p><ul><li>om alle cookies te accepteren,<\/li><li>weiger ze allemaal (behalve de strikt noodzakelijke cookies),<\/li><li>of personaliseer je keuzes op doel.<\/li><\/ul><p>U kunt uw voorkeuren op elk gewenst moment wijzigen door te klikken op de koppeling \"Mijn cookies beheren\" onder aan de pagina van de site.<\/p><p><strong>RECHT OM TOESTEMMING IN TE TREKKEN<\/strong><\/p><p>In overeenstemming met de huidige regelgeving kunt u uw toestemming voor het gebruik van niet-essenti\u00eble cookies te allen tijde intrekken, zonder rechtvaardiging en zonder dat dit van invloed is op de rechtmatigheid van eerdere verwerking.<\/p><p><strong>GEVOLGEN VAN AANVAARDING OF WEIGERING<\/strong><\/p><p>Door cookies te accepteren kunnen we de navigatie verbeteren, de prestaties van de site meten en u inhoud aanbieden die op uw voorkeuren is afgestemd.<\/p><p>Het weigeren van andere cookies dan die welke strikt noodzakelijk zijn, kan bepaalde functies van de Site beperken (bijv. gepersonaliseerde inhoud, ge\u00efntegreerde video's, geoptimaliseerde ervaring).<\/p><p><strong>BEZWAAR TEGEN COOKIES<\/strong><\/p><p>U kunt het gebruik van cookies op elk gewenst moment weigeren door :<\/p><ul><li>het instellen van uw voorkeuren in de cookiemanager van de site,<\/li><li>uw browser configureren om cookies te blokkeren (raadpleeg de documentatie van uw browser).<\/li><\/ul><p>Cookies worden maximaal 24 maanden bewaard vanaf het moment dat ze op uw terminal zijn geplaatst. Na deze periode wordt uw toestemming opnieuw gevraagd.<\/p><p><strong>HOUDBAARHEID<\/strong><\/p><p>Uw keuzes met betrekking tot het accepteren of weigeren van cookies op onze Site worden zes (6) maanden bewaard, waarna u opnieuw wordt gevraagd om uw toestemming, weigering of parametrisering van cookies kenbaar te maken.<\/p>\t\t\t\t\t\t\t\t<\/div>\n\t\t\t\t<\/div>\n\t\t\t\t\t<\/div>\n\t\t<\/div>\n\t\t\t\t\t<\/div>\n\t\t<\/section>\n\t\t\t\t<\/div>","protected":false},"excerpt":{"rendered":"<p>POLITIQUE DE COOKIES Lors de votre navigation sur le site https:\/\/bnwburger.com (ci-apr\u00e8s le \u00ab Site \u00bb), des cookies et autres traceurs peuvent \u00eatre d\u00e9pos\u00e9s ou lus sur votre terminal (ordinateur, smartphone, tablette, etc.), sous r\u00e9serve de vos choix et des param\u00e8tres que vous avez d\u00e9finis. La pr\u00e9sente Politique de cookies a pour objectif de vous [&hellip;]<\/p>\n","protected":false},"author":1,"featured_media":0,"parent":0,"menu_order":0,"comment_status":"closed","ping_status":"closed","template":"elementor_header_footer","meta":{"footnotes":""},"class_list":["post-4494","page","type-page","status-publish","hentry"],"yoast_head":"<!-- This site is optimized with the Yoast SEO plugin v27.5 - https:\/\/yoast.com\/product\/yoast-seo-wordpress\/ -->\n<title>Politique de cookies - Black and White Burger<\/title>\n<meta name=\"description\" content=\"Consultez la politique de cookies BNW Burger : utilisation, gestion et finalit\u00e9 des cookies pour am\u00e9liorer votre exp\u00e9rience utilisateur.\" \/>\n<meta name=\"robots\" content=\"index, follow, max-snippet:-1, max-image-preview:large, max-video-preview:-1\" \/>\n<link rel=\"canonical\" href=\"https:\/\/bnwburger.com\/nl\/politique-de-cookies\/\" \/>\n<meta property=\"og:locale\" content=\"nl_BE\" \/>\n<meta property=\"og:type\" content=\"article\" \/>\n<meta property=\"og:title\" content=\"Politique de cookies - Black and White Burger\" \/>\n<meta property=\"og:description\" content=\"Consultez la politique de cookies BNW Burger : utilisation, gestion et finalit\u00e9 des cookies pour am\u00e9liorer votre exp\u00e9rience utilisateur.\" \/>\n<meta property=\"og:url\" content=\"https:\/\/bnwburger.com\/nl\/politique-de-cookies\/\" \/>\n<meta property=\"og:site_name\" content=\"Black and White Burger\" \/>\n<meta property=\"article:publisher\" content=\"https:\/\/www.facebook.com\/blacknwhiteburger\" \/>\n<meta property=\"article:modified_time\" content=\"2026-04-21T14:53:17+00:00\" \/>\n<meta property=\"og:image\" content=\"https:\/\/bnwburger.com\/wp-content\/uploads\/2024\/02\/271267261_446412527221187_5437619052329202212_n.webp\" \/>\n\t<meta property=\"og:image:width\" content=\"1920\" \/>\n\t<meta property=\"og:image:height\" content=\"1283\" \/>\n\t<meta property=\"og:image:type\" content=\"image\/webp\" \/>\n<meta name=\"twitter:card\" content=\"summary_large_image\" \/>\n<meta name=\"twitter:label1\" content=\"Geschatte leestijd\" \/>\n\t<meta name=\"twitter:data1\" content=\"5 minuten\" \/>\n<script type=\"application\/ld+json\" class=\"yoast-schema-graph\">{\"@context\":\"https:\\\/\\\/schema.org\",\"@graph\":[{\"@type\":\"WebPage\",\"@id\":\"https:\\\/\\\/bnwburger.com\\\/politique-de-cookies\\\/\",\"url\":\"https:\\\/\\\/bnwburger.com\\\/politique-de-cookies\\\/\",\"name\":\"Politique de cookies - Black and White Burger\",\"isPartOf\":{\"@id\":\"https:\\\/\\\/bnwburger.com\\\/#website\"},\"datePublished\":\"2025-12-03T09:38:39+00:00\",\"dateModified\":\"2026-04-21T14:53:17+00:00\",\"description\":\"Consultez la politique de cookies BNW Burger : utilisation, gestion et finalit\u00e9 des cookies pour am\u00e9liorer votre exp\u00e9rience utilisateur.\",\"breadcrumb\":{\"@id\":\"https:\\\/\\\/bnwburger.com\\\/politique-de-cookies\\\/#breadcrumb\"},\"inLanguage\":\"nl-BE\",\"potentialAction\":[{\"@type\":\"ReadAction\",\"target\":[\"https:\\\/\\\/bnwburger.com\\\/politique-de-cookies\\\/\"]}]},{\"@type\":\"BreadcrumbList\",\"@id\":\"https:\\\/\\\/bnwburger.com\\\/politique-de-cookies\\\/#breadcrumb\",\"itemListElement\":[{\"@type\":\"ListItem\",\"position\":1,\"name\":\"Accueil\",\"item\":\"https:\\\/\\\/bnwburger.com\\\/\"},{\"@type\":\"ListItem\",\"position\":2,\"name\":\"Politique de cookies\"}]},{\"@type\":\"WebSite\",\"@id\":\"https:\\\/\\\/bnwburger.com\\\/#website\",\"url\":\"https:\\\/\\\/bnwburger.com\\\/\",\"name\":\"Black and White Burger\",\"description\":\"Not a burger, a vogue\",\"publisher\":{\"@id\":\"https:\\\/\\\/bnwburger.com\\\/#organization\"},\"potentialAction\":[{\"@type\":\"SearchAction\",\"target\":{\"@type\":\"EntryPoint\",\"urlTemplate\":\"https:\\\/\\\/bnwburger.com\\\/?s={search_term_string}\"},\"query-input\":{\"@type\":\"PropertyValueSpecification\",\"valueRequired\":true,\"valueName\":\"search_term_string\"}}],\"inLanguage\":\"nl-BE\"},{\"@type\":\"Organization\",\"@id\":\"https:\\\/\\\/bnwburger.com\\\/#organization\",\"name\":\"Black and White Burger\",\"url\":\"https:\\\/\\\/bnwburger.com\\\/\",\"logo\":{\"@type\":\"ImageObject\",\"inLanguage\":\"nl-BE\",\"@id\":\"https:\\\/\\\/bnwburger.com\\\/#\\\/schema\\\/logo\\\/image\\\/\",\"url\":\"https:\\\/\\\/bnwburger.com\\\/wp-content\\\/uploads\\\/2024\\\/01\\\/Fichier-1@2x.png\",\"contentUrl\":\"https:\\\/\\\/bnwburger.com\\\/wp-content\\\/uploads\\\/2024\\\/01\\\/Fichier-1@2x.png\",\"width\":2091,\"height\":868,\"caption\":\"Black and White Burger\"},\"image\":{\"@id\":\"https:\\\/\\\/bnwburger.com\\\/#\\\/schema\\\/logo\\\/image\\\/\"},\"sameAs\":[\"https:\\\/\\\/www.facebook.com\\\/blacknwhiteburger\"]}]}<\/script>\n<!-- \/ Yoast SEO plugin. -->","yoast_head_json":{"title":"Politique de cookies - Black and White Burger","description":"Consultez la politique de cookies BNW Burger : utilisation, gestion et finalit\u00e9 des cookies pour am\u00e9liorer votre exp\u00e9rience utilisateur.","robots":{"index":"index","follow":"follow","max-snippet":"max-snippet:-1","max-image-preview":"max-image-preview:large","max-video-preview":"max-video-preview:-1"},"canonical":"https:\/\/bnwburger.com\/nl\/politique-de-cookies\/","og_locale":"nl_BE","og_type":"article","og_title":"Politique de cookies - Black and White Burger","og_description":"Consultez la politique de cookies BNW Burger : utilisation, gestion et finalit\u00e9 des cookies pour am\u00e9liorer votre exp\u00e9rience utilisateur.","og_url":"https:\/\/bnwburger.com\/nl\/politique-de-cookies\/","og_site_name":"Black and White Burger","article_publisher":"https:\/\/www.facebook.com\/blacknwhiteburger","article_modified_time":"2026-04-21T14:53:17+00:00","og_image":[{"width":1920,"height":1283,"url":"https:\/\/bnwburger.com\/wp-content\/uploads\/2024\/02\/271267261_446412527221187_5437619052329202212_n.webp","type":"image\/webp"}],"twitter_card":"summary_large_image","twitter_misc":{"Geschatte leestijd":"5 minuten"},"schema":{"@context":"https:\/\/schema.org","@graph":[{"@type":"WebPage","@id":"https:\/\/bnwburger.com\/politique-de-cookies\/","url":"https:\/\/bnwburger.com\/politique-de-cookies\/","name":"Politique de cookies - Black and White Burger","isPartOf":{"@id":"https:\/\/bnwburger.com\/#website"},"datePublished":"2025-12-03T09:38:39+00:00","dateModified":"2026-04-21T14:53:17+00:00","description":"Consultez la politique de cookies BNW Burger : utilisation, gestion et finalit\u00e9 des cookies pour am\u00e9liorer votre exp\u00e9rience utilisateur.","breadcrumb":{"@id":"https:\/\/bnwburger.com\/politique-de-cookies\/#breadcrumb"},"inLanguage":"nl-BE","potentialAction":[{"@type":"ReadAction","target":["https:\/\/bnwburger.com\/politique-de-cookies\/"]}]},{"@type":"BreadcrumbList","@id":"https:\/\/bnwburger.com\/politique-de-cookies\/#breadcrumb","itemListElement":[{"@type":"ListItem","position":1,"name":"Accueil","item":"https:\/\/bnwburger.com\/"},{"@type":"ListItem","position":2,"name":"Politique de cookies"}]},{"@type":"WebSite","@id":"https:\/\/bnwburger.com\/#website","url":"https:\/\/bnwburger.com\/","name":"Zwart-wit hamburger","description":"Geen hamburger, een vogue","publisher":{"@id":"https:\/\/bnwburger.com\/#organization"},"potentialAction":[{"@type":"SearchAction","target":{"@type":"EntryPoint","urlTemplate":"https:\/\/bnwburger.com\/?s={search_term_string}"},"query-input":{"@type":"PropertyValueSpecification","valueRequired":true,"valueName":"search_term_string"}}],"inLanguage":"nl-BE"},{"@type":"Organization","@id":"https:\/\/bnwburger.com\/#organization","name":"Zwart-wit hamburger","url":"https:\/\/bnwburger.com\/","logo":{"@type":"ImageObject","inLanguage":"nl-BE","@id":"https:\/\/bnwburger.com\/#\/schema\/logo\/image\/","url":"https:\/\/bnwburger.com\/wp-content\/uploads\/2024\/01\/Fichier-1@2x.png","contentUrl":"https:\/\/bnwburger.com\/wp-content\/uploads\/2024\/01\/Fichier-1@2x.png","width":2091,"height":868,"caption":"Black and White Burger"},"image":{"@id":"https:\/\/bnwburger.com\/#\/schema\/logo\/image\/"},"sameAs":["https:\/\/www.facebook.com\/blacknwhiteburger"]}]}},"_links":{"self":[{"href":"https:\/\/bnwburger.com\/nl\/wp-json\/wp\/v2\/pages\/4494","targetHints":{"allow":["GET"]}}],"collection":[{"href":"https:\/\/bnwburger.com\/nl\/wp-json\/wp\/v2\/pages"}],"about":[{"href":"https:\/\/bnwburger.com\/nl\/wp-json\/wp\/v2\/types\/page"}],"author":[{"embeddable":true,"href":"https:\/\/bnwburger.com\/nl\/wp-json\/wp\/v2\/users\/1"}],"replies":[{"embeddable":true,"href":"https:\/\/bnwburger.com\/nl\/wp-json\/wp\/v2\/comments?post=4494"}],"version-history":[{"count":11,"href":"https:\/\/bnwburger.com\/nl\/wp-json\/wp\/v2\/pages\/4494\/revisions"}],"predecessor-version":[{"id":4777,"href":"https:\/\/bnwburger.com\/nl\/wp-json\/wp\/v2\/pages\/4494\/revisions\/4777"}],"wp:attachment":[{"href":"https:\/\/bnwburger.com\/nl\/wp-json\/wp\/v2\/media?parent=4494"}],"curies":[{"name":"wp","href":"https:\/\/api.w.org\/{rel}","templated":true}]}}