{"id":353,"date":"2024-01-17T18:48:52","date_gmt":"2024-01-17T17:48:52","guid":{"rendered":"https:\/\/bnwburger.com\/?page_id=353"},"modified":"2025-12-03T09:41:18","modified_gmt":"2025-12-03T08:41:18","slug":"mentions-legales","status":"publish","type":"page","link":"https:\/\/bnwburger.com\/nl\/mentions-legales\/","title":{"rendered":"Juridische informatie"},"content":{"rendered":"<div data-elementor-type=\"wp-page\" data-elementor-id=\"353\" class=\"elementor elementor-353\" data-elementor-post-type=\"page\">\n\t\t\t\t\t\t<section class=\"elementor-section elementor-top-section elementor-element elementor-element-7b5e0ffc elementor-section-boxed elementor-section-height-default elementor-section-height-default\" data-id=\"7b5e0ffc\" data-element_type=\"section\" data-settings=\"{&quot;background_background&quot;:&quot;classic&quot;}\">\n\t\t\t\t\t\t<div class=\"elementor-container elementor-column-gap-default\">\n\t\t\t\t\t<div class=\"elementor-column elementor-col-100 elementor-top-column elementor-element elementor-element-46f2aca5\" data-id=\"46f2aca5\" data-element_type=\"column\">\n\t\t\t<div class=\"elementor-widget-wrap elementor-element-populated\">\n\t\t\t\t\t\t<div class=\"elementor-element elementor-element-21f194da elementor-widget elementor-widget-heading\" data-id=\"21f194da\" data-element_type=\"widget\" data-widget_type=\"heading.default\">\n\t\t\t\t<div class=\"elementor-widget-container\">\n\t\t\t<style>\/*! elementor - v3.23.0 - 05-08-2024 *\/\n.elementor-heading-title{padding:0;margin:0;line-height:1}.elementor-widget-heading .elementor-heading-title[class*=elementor-size-]>a{color:inherit;font-size:inherit;line-height:inherit}.elementor-widget-heading .elementor-heading-title.elementor-size-small{font-size:15px}.elementor-widget-heading .elementor-heading-title.elementor-size-medium{font-size:19px}.elementor-widget-heading .elementor-heading-title.elementor-size-large{font-size:29px}.elementor-widget-heading .elementor-heading-title.elementor-size-xl{font-size:39px}.elementor-widget-heading .elementor-heading-title.elementor-size-xxl{font-size:59px}<\/style><h2 class=\"elementor-heading-title elementor-size-default\">Juridische informatie<\/h2>\t\t<\/div>\n\t\t\t\t<\/div>\n\t\t\t\t<div class=\"elementor-element elementor-element-193dd67 elementor-widget elementor-widget-text-editor\" data-id=\"193dd67\" data-element_type=\"widget\" data-widget_type=\"text-editor.default\">\n\t\t\t\t<div class=\"elementor-widget-container\">\n\t\t\t<style>\/*! elementor - v3.23.0 - 05-08-2024 *\/\n.elementor-widget-text-editor.elementor-drop-cap-view-stacked .elementor-drop-cap{background-color:#69727d;color:#fff}.elementor-widget-text-editor.elementor-drop-cap-view-framed .elementor-drop-cap{color:#69727d;border:3px solid;background-color:transparent}.elementor-widget-text-editor:not(.elementor-drop-cap-view-default) .elementor-drop-cap{margin-top:8px}.elementor-widget-text-editor:not(.elementor-drop-cap-view-default) .elementor-drop-cap-letter{width:1em;height:1em}.elementor-widget-text-editor .elementor-drop-cap{float:left;text-align:center;line-height:1;font-size:50px}.elementor-widget-text-editor .elementor-drop-cap-letter{display:inline-block}<\/style>\t\t\t\t<p><b>1. SITE UITGEVER<\/b><\/p><p>Uitgever: De website bnwburger.com wordt gepubliceerd door BLACK CHEDDAR, een vereenvoudigde naamloze vennootschap.<br \/>met een kapitaal van 1000 euro, ingeschreven in het Registre du Commerce et des Soci\u00e9t\u00e9s de Paris onder het nummer<br \/>nummer 847 794 278, statutair gevestigd te :<\/p><p>10, Rue Greneta, 75003 Parijs, Frankrijk.<\/p><p>Telefoon :<br \/>E-mail: serviceclient@bnwburger.com<br \/>Publicatie Bestuurder: de heer Djamboulat MARZAGANOV in zijn hoedanigheid van voorzitter van de<br \/>bedrijf BLACK CHEDDAR<br \/>Redactie: de heer Djamboulat MARZAGANOV<br \/>BTW-nummer: FR69847794278<br \/>SIRET: 84779427800022<\/p><p>Site gehost door HOSTINGER INTERNATIONAL LTD, statutair gevestigd te 61<br \/>Lordou Vironos Street, 6023 Larnaca, Cyprus en het telefoonnummer is +37064503378.<\/p><p><strong>2. PERSOONSGEGEVENS<\/strong>BLACK CHEDDAR verzamelt persoonlijke gegevens in verband met de Site en voor de volgende doeleinden<br \/>de toepassing.<br \/>Om meer te weten te komen over de praktijken van BLACK CHEDDAR met betrekking tot het verzamelen, gebruiken en openbaar maken van informatie<br \/>mededeling van persoonsgegevens en bepalingen betreffende de uitoefening van rechten<br \/>Gebruikers worden uitgenodigd om ons privacybeleid te raadplegen.<br \/>De website bnwburger.com maakt gebruik van cookies om de surfervaring van gebruikers te verbeteren.<br \/>gebruikers. Door verder te surfen op de site, aanvaardt u het gebruik van deze cookies. Voor<br \/>Raadpleeg ons cookiebeleid voor meer informatie over het gebruik van cookies.<\/p><p><b>3. SITE HOST<\/b><\/p><p>De website bnwburger.com wordt gehost door Hostinger<\/p><p>Geregistreerd kantoor: HOSTINGER INTERNATIONAL LTD, 61 Lordou Vironos Street, 6023 Larnaca, Cyprus<\/p><p><b>4. INTELLECTUEEL EIGENDOM<\/b><\/p><p>De inhoud van de bnwburger.com site (tekst, afbeeldingen, video's, etc.) is het exclusieve eigendom van BLACK CHEDDAR en wordt beschermd door de huidige intellectuele eigendomsrechten. Elke reproductie, distributie, aanpassing of gebruik van de inhoud zonder schriftelijke toestemming van BLACK CHEDDAR is ten strengste verboden.<\/p><p><b>5. VERZAMELEN VAN PERSOONLIJKE GEGEVENS<\/b><\/p><p>In overeenstemming met de geldende regelgeving verzamelt BLACK CHEDDAR persoonlijke gegevens van gebruikers van de bnwburger.com website uitsluitend voor het leveren van de aangeboden diensten. Deze gegevens worden vertrouwelijk behandeld en zullen onder geen beding worden doorgegeven of verkocht aan derden. Raadpleeg voor meer informatie ons privacybeleid.<\/p><p><b>6. COOKIES<\/b><\/p><p>De website bnwburger.com maakt gebruik van cookies om de surfervaring van gebruikers te verbeteren. Door verder te surfen op de site gaat u akkoord met het gebruik van deze cookies. Raadpleeg ons cookiebeleid voor meer informatie over het gebruik van cookies.<\/p><p><b>7. BEPERKING VAN AANSPRAKELIJKHEID<\/b><\/p><p>BLACK CHEDDAR wijst alle verantwoordelijkheid af voor het gebruik van de inhoud van de bnwburgers.com site. Het bedrijf kan niet aansprakelijk worden gesteld voor directe of indirecte schade als gevolg van toegang tot of gebruik van de site.<\/p><p><b>8. TOEPASSELIJK RECHT EN JURISDICTIE<\/b><\/p><p>Op deze wettelijke kennisgeving is het Franse recht van toepassing. In geval van een geschil zijn de rechtbanken van Parijs bevoegd.<\/p>\t\t\t\t\t\t<\/div>\n\t\t\t\t<\/div>\n\t\t\t\t\t<\/div>\n\t\t<\/div>\n\t\t\t\t\t<\/div>\n\t\t<\/section>\n\t\t\t\t<\/div>","protected":false},"excerpt":{"rendered":"<p>Juridische informatie 1. WEBSITE PUBLISHER Uitgever : De website bnwburger.com wordt uitgegeven door BLACK CHEDDAR, een naamloze vennootschap met een kapitaal van 1000 euro, ingeschreven in het handels- en ondernemingsregister van Parijs onder nummer 847 794 278, met maatschappelijke zetel te : 10, Rue Greneta, 75003 Parijs, Frankrijk. Telefoon:E-mail [...]<\/p>","protected":false},"author":1,"featured_media":0,"parent":0,"menu_order":0,"comment_status":"closed","ping_status":"closed","template":"elementor_header_footer","meta":{"footnotes":""},"yoast_head":"<!-- This site is optimized with the Yoast SEO plugin v23.0 - https:\/\/yoast.com\/wordpress\/plugins\/seo\/ -->\n<title>Mentions l\u00e9gales - Black and White Burger<\/title>\n<meta name=\"robots\" content=\"index, follow, max-snippet:-1, max-image-preview:large, max-video-preview:-1\" \/>\n<link rel=\"canonical\" href=\"https:\/\/bnwburger.com\/nl\/mentions-legales\/\" \/>\n<meta property=\"og:locale\" content=\"nl_BE\" \/>\n<meta property=\"og:type\" content=\"article\" \/>\n<meta property=\"og:title\" content=\"Mentions l\u00e9gales - Black and White Burger\" \/>\n<meta property=\"og:description\" content=\"Mentions l\u00e9gales 1. \u00c9DITEUR DU SITE Editeur : Le site bnwburger.com est \u00e9dit\u00e9 par BLACK CHEDDAR, soci\u00e9t\u00e9 par actions simplifi\u00e9eau capital de 1000 euros, immatricul\u00e9e au Registre du Commerce et des Soci\u00e9t\u00e9s de Paris sous lenum\u00e9ro 847 794 278, dont le si\u00e8ge social est situ\u00e9 au : 10, Rue Greneta, 75003 Paris, France. T\u00e9l\u00e9phone :E-mail [&hellip;]\" \/>\n<meta property=\"og:url\" content=\"https:\/\/bnwburger.com\/nl\/mentions-legales\/\" \/>\n<meta property=\"og:site_name\" content=\"Black and White Burger\" \/>\n<meta property=\"article:publisher\" content=\"https:\/\/www.facebook.com\/blacknwhiteburger\" \/>\n<meta property=\"article:modified_time\" content=\"2025-12-03T08:41:18+00:00\" \/>\n<meta property=\"og:image\" content=\"https:\/\/bnwburger.com\/wp-content\/uploads\/2024\/02\/271267261_446412527221187_5437619052329202212_n.webp\" \/>\n\t<meta property=\"og:image:width\" content=\"1920\" \/>\n\t<meta property=\"og:image:height\" content=\"1283\" \/>\n\t<meta property=\"og:image:type\" content=\"image\/webp\" \/>\n<meta name=\"twitter:card\" content=\"summary_large_image\" \/>\n<meta name=\"twitter:label1\" content=\"Geschatte leestijd\" \/>\n\t<meta name=\"twitter:data1\" content=\"2 minuten\" \/>\n<script type=\"application\/ld+json\" class=\"yoast-schema-graph\">{\"@context\":\"https:\/\/schema.org\",\"@graph\":[{\"@type\":\"WebPage\",\"@id\":\"https:\/\/bnwburger.com\/mentions-legales\/\",\"url\":\"https:\/\/bnwburger.com\/mentions-legales\/\",\"name\":\"Mentions l\u00e9gales - Black and White Burger\",\"isPartOf\":{\"@id\":\"https:\/\/bnwburger.com\/#website\"},\"datePublished\":\"2024-01-17T17:48:52+00:00\",\"dateModified\":\"2025-12-03T08:41:18+00:00\",\"breadcrumb\":{\"@id\":\"https:\/\/bnwburger.com\/mentions-legales\/#breadcrumb\"},\"inLanguage\":\"nl-BE\",\"potentialAction\":[{\"@type\":\"ReadAction\",\"target\":[\"https:\/\/bnwburger.com\/mentions-legales\/\"]}]},{\"@type\":\"BreadcrumbList\",\"@id\":\"https:\/\/bnwburger.com\/mentions-legales\/#breadcrumb\",\"itemListElement\":[{\"@type\":\"ListItem\",\"position\":1,\"name\":\"Accueil\",\"item\":\"https:\/\/bnwburger.com\/\"},{\"@type\":\"ListItem\",\"position\":2,\"name\":\"Mentions l\u00e9gales\"}]},{\"@type\":\"WebSite\",\"@id\":\"https:\/\/bnwburger.com\/#website\",\"url\":\"https:\/\/bnwburger.com\/\",\"name\":\"Black and White Burger\",\"description\":\"Not a burger, a vogue\",\"publisher\":{\"@id\":\"https:\/\/bnwburger.com\/#organization\"},\"potentialAction\":[{\"@type\":\"SearchAction\",\"target\":{\"@type\":\"EntryPoint\",\"urlTemplate\":\"https:\/\/bnwburger.com\/?s={search_term_string}\"},\"query-input\":\"required name=search_term_string\"}],\"inLanguage\":\"nl-BE\"},{\"@type\":\"Organization\",\"@id\":\"https:\/\/bnwburger.com\/#organization\",\"name\":\"Black and White Burger\",\"url\":\"https:\/\/bnwburger.com\/\",\"logo\":{\"@type\":\"ImageObject\",\"inLanguage\":\"nl-BE\",\"@id\":\"https:\/\/bnwburger.com\/#\/schema\/logo\/image\/\",\"url\":\"https:\/\/bnwburger.com\/wp-content\/uploads\/2024\/01\/Fichier-1@2x.png\",\"contentUrl\":\"https:\/\/bnwburger.com\/wp-content\/uploads\/2024\/01\/Fichier-1@2x.png\",\"width\":2091,\"height\":868,\"caption\":\"Black and White Burger\"},\"image\":{\"@id\":\"https:\/\/bnwburger.com\/#\/schema\/logo\/image\/\"},\"sameAs\":[\"https:\/\/www.facebook.com\/blacknwhiteburger\"]}]}<\/script>\n<!-- \/ Yoast SEO plugin. -->","yoast_head_json":{"title":"Mentions l\u00e9gales - Black and White Burger","robots":{"index":"index","follow":"follow","max-snippet":"max-snippet:-1","max-image-preview":"max-image-preview:large","max-video-preview":"max-video-preview:-1"},"canonical":"https:\/\/bnwburger.com\/nl\/mentions-legales\/","og_locale":"nl_BE","og_type":"article","og_title":"Mentions l\u00e9gales - Black and White Burger","og_description":"Mentions l\u00e9gales 1. \u00c9DITEUR DU SITE Editeur : Le site bnwburger.com est \u00e9dit\u00e9 par BLACK CHEDDAR, soci\u00e9t\u00e9 par actions simplifi\u00e9eau capital de 1000 euros, immatricul\u00e9e au Registre du Commerce et des Soci\u00e9t\u00e9s de Paris sous lenum\u00e9ro 847 794 278, dont le si\u00e8ge social est situ\u00e9 au : 10, Rue Greneta, 75003 Paris, France. T\u00e9l\u00e9phone :E-mail [&hellip;]","og_url":"https:\/\/bnwburger.com\/nl\/mentions-legales\/","og_site_name":"Black and White Burger","article_publisher":"https:\/\/www.facebook.com\/blacknwhiteburger","article_modified_time":"2025-12-03T08:41:18+00:00","og_image":[{"width":1920,"height":1283,"url":"https:\/\/bnwburger.com\/wp-content\/uploads\/2024\/02\/271267261_446412527221187_5437619052329202212_n.webp","type":"image\/webp"}],"twitter_card":"summary_large_image","twitter_misc":{"Geschatte leestijd":"2 minuten"},"schema":{"@context":"https:\/\/schema.org","@graph":[{"@type":"WebPage","@id":"https:\/\/bnwburger.com\/mentions-legales\/","url":"https:\/\/bnwburger.com\/mentions-legales\/","name":"Mentions l\u00e9gales - Black and White Burger","isPartOf":{"@id":"https:\/\/bnwburger.com\/#website"},"datePublished":"2024-01-17T17:48:52+00:00","dateModified":"2025-12-03T08:41:18+00:00","breadcrumb":{"@id":"https:\/\/bnwburger.com\/mentions-legales\/#breadcrumb"},"inLanguage":"nl-BE","potentialAction":[{"@type":"ReadAction","target":["https:\/\/bnwburger.com\/mentions-legales\/"]}]},{"@type":"BreadcrumbList","@id":"https:\/\/bnwburger.com\/mentions-legales\/#breadcrumb","itemListElement":[{"@type":"ListItem","position":1,"name":"Accueil","item":"https:\/\/bnwburger.com\/"},{"@type":"ListItem","position":2,"name":"Mentions l\u00e9gales"}]},{"@type":"WebSite","@id":"https:\/\/bnwburger.com\/#website","url":"https:\/\/bnwburger.com\/","name":"Black and White Burger","description":"Not a burger, a vogue","publisher":{"@id":"https:\/\/bnwburger.com\/#organization"},"potentialAction":[{"@type":"SearchAction","target":{"@type":"EntryPoint","urlTemplate":"https:\/\/bnwburger.com\/?s={search_term_string}"},"query-input":"required name=search_term_string"}],"inLanguage":"nl-BE"},{"@type":"Organization","@id":"https:\/\/bnwburger.com\/#organization","name":"Black and White Burger","url":"https:\/\/bnwburger.com\/","logo":{"@type":"ImageObject","inLanguage":"nl-BE","@id":"https:\/\/bnwburger.com\/#\/schema\/logo\/image\/","url":"https:\/\/bnwburger.com\/wp-content\/uploads\/2024\/01\/Fichier-1@2x.png","contentUrl":"https:\/\/bnwburger.com\/wp-content\/uploads\/2024\/01\/Fichier-1@2x.png","width":2091,"height":868,"caption":"Black and White Burger"},"image":{"@id":"https:\/\/bnwburger.com\/#\/schema\/logo\/image\/"},"sameAs":["https:\/\/www.facebook.com\/blacknwhiteburger"]}]}},"_links":{"self":[{"href":"https:\/\/bnwburger.com\/nl\/wp-json\/wp\/v2\/pages\/353"}],"collection":[{"href":"https:\/\/bnwburger.com\/nl\/wp-json\/wp\/v2\/pages"}],"about":[{"href":"https:\/\/bnwburger.com\/nl\/wp-json\/wp\/v2\/types\/page"}],"author":[{"embeddable":true,"href":"https:\/\/bnwburger.com\/nl\/wp-json\/wp\/v2\/users\/1"}],"replies":[{"embeddable":true,"href":"https:\/\/bnwburger.com\/nl\/wp-json\/wp\/v2\/comments?post=353"}],"version-history":[{"count":9,"href":"https:\/\/bnwburger.com\/nl\/wp-json\/wp\/v2\/pages\/353\/revisions"}],"predecessor-version":[{"id":4485,"href":"https:\/\/bnwburger.com\/nl\/wp-json\/wp\/v2\/pages\/353\/revisions\/4485"}],"wp:attachment":[{"href":"https:\/\/bnwburger.com\/nl\/wp-json\/wp\/v2\/media?parent=353"}],"curies":[{"name":"wp","href":"https:\/\/api.w.org\/{rel}","templated":true}]}}