{"id":3214,"date":"2024-11-07T13:34:37","date_gmt":"2024-11-07T12:34:37","guid":{"rendered":"https:\/\/bnwburger.com\/?page_id=3214"},"modified":"2025-11-19T08:33:34","modified_gmt":"2025-11-19T07:33:34","slug":"telechargement-application","status":"publish","type":"page","link":"https:\/\/bnwburger.com\/nl\/telechargement-application\/","title":{"rendered":"Toepassing downloaden"},"content":{"rendered":"<div data-elementor-type=\"wp-page\" data-elementor-id=\"3214\" class=\"elementor elementor-3214\" data-elementor-post-type=\"page\">\n\t\t\t\t\t\t<section class=\"elementor-section elementor-top-section elementor-element elementor-element-a8f55a7 elementor-section-boxed elementor-section-height-default elementor-section-height-default\" data-id=\"a8f55a7\" data-element_type=\"section\" data-settings=\"{&quot;background_background&quot;:&quot;classic&quot;}\">\n\t\t\t\t\t\t<div class=\"elementor-container elementor-column-gap-default\">\n\t\t\t\t\t<div class=\"elementor-column elementor-col-100 elementor-top-column elementor-element elementor-element-f79ce1a\" data-id=\"f79ce1a\" data-element_type=\"column\">\n\t\t\t<div class=\"elementor-widget-wrap elementor-element-populated\">\n\t\t\t\t\t\t<div class=\"elementor-element elementor-element-d6a826e elementor-widget__width-initial elementor-widget elementor-widget-heading\" data-id=\"d6a826e\" data-element_type=\"widget\" data-widget_type=\"heading.default\">\n\t\t\t\t<div class=\"elementor-widget-container\">\n\t\t\t<style>\/*! elementor - v3.23.0 - 05-08-2024 *\/\n.elementor-heading-title{padding:0;margin:0;line-height:1}.elementor-widget-heading .elementor-heading-title[class*=elementor-size-]>a{color:inherit;font-size:inherit;line-height:inherit}.elementor-widget-heading .elementor-heading-title.elementor-size-small{font-size:15px}.elementor-widget-heading .elementor-heading-title.elementor-size-medium{font-size:19px}.elementor-widget-heading .elementor-heading-title.elementor-size-large{font-size:29px}.elementor-widget-heading .elementor-heading-title.elementor-size-xl{font-size:39px}.elementor-widget-heading .elementor-heading-title.elementor-size-xxl{font-size:59px}<\/style><h2 class=\"elementor-heading-title elementor-size-default\">De Black &amp; White Burger-app&nbsp;<div>is EINDELIJK beschikbaar!<\/div><\/h2>\t\t<\/div>\n\t\t\t\t<\/div>\n\t\t\t\t<div class=\"elementor-element elementor-element-35b478a elementor-widget elementor-widget-spacer\" data-id=\"35b478a\" data-element_type=\"widget\" data-widget_type=\"spacer.default\">\n\t\t\t\t<div class=\"elementor-widget-container\">\n\t\t\t<style>\/*! elementor - v3.23.0 - 05-08-2024 *\/\n.elementor-column .elementor-spacer-inner{height:var(--spacer-size)}.e-con{--container-widget-width:100%}.e-con-inner>.elementor-widget-spacer,.e-con>.elementor-widget-spacer{width:var(--container-widget-width,var(--spacer-size));--align-self:var(--container-widget-align-self,initial);--flex-shrink:0}.e-con-inner>.elementor-widget-spacer>.elementor-widget-container,.e-con>.elementor-widget-spacer>.elementor-widget-container{height:100%;width:100%}.e-con-inner>.elementor-widget-spacer>.elementor-widget-container>.elementor-spacer,.e-con>.elementor-widget-spacer>.elementor-widget-container>.elementor-spacer{height:100%}.e-con-inner>.elementor-widget-spacer>.elementor-widget-container>.elementor-spacer>.elementor-spacer-inner,.e-con>.elementor-widget-spacer>.elementor-widget-container>.elementor-spacer>.elementor-spacer-inner{height:var(--container-widget-height,var(--spacer-size))}.e-con-inner>.elementor-widget-spacer.elementor-widget-empty,.e-con>.elementor-widget-spacer.elementor-widget-empty{position:relative;min-height:22px;min-width:22px}.e-con-inner>.elementor-widget-spacer.elementor-widget-empty .elementor-widget-empty-icon,.e-con>.elementor-widget-spacer.elementor-widget-empty .elementor-widget-empty-icon{position:absolute;top:0;bottom:0;left:0;right:0;margin:auto;padding:0;width:22px;height:22px}<\/style>\t\t<div class=\"elementor-spacer\">\n\t\t\t<div class=\"elementor-spacer-inner\"><\/div>\n\t\t<\/div>\n\t\t\t\t<\/div>\n\t\t\t\t<\/div>\n\t\t\t\t<div class=\"elementor-element elementor-element-27d6422 elementor-widget elementor-widget-text-editor\" data-id=\"27d6422\" data-element_type=\"widget\" data-widget_type=\"text-editor.default\">\n\t\t\t\t<div class=\"elementor-widget-container\">\n\t\t\t<style>\/*! elementor - v3.23.0 - 05-08-2024 *\/\n.elementor-widget-text-editor.elementor-drop-cap-view-stacked .elementor-drop-cap{background-color:#69727d;color:#fff}.elementor-widget-text-editor.elementor-drop-cap-view-framed .elementor-drop-cap{color:#69727d;border:3px solid;background-color:transparent}.elementor-widget-text-editor:not(.elementor-drop-cap-view-default) .elementor-drop-cap{margin-top:8px}.elementor-widget-text-editor:not(.elementor-drop-cap-view-default) .elementor-drop-cap-letter{width:1em;height:1em}.elementor-widget-text-editor .elementor-drop-cap{float:left;text-align:center;line-height:1;font-size:50px}.elementor-widget-text-editor .elementor-drop-cap-letter{display:inline-block}<\/style>\t\t\t\t<p>Registreer je op de mobiele applicatie van Black &amp; White Burger<br \/>om te profiteren van exclusieve aanbiedingen &amp; het loyaliteitsprogramma!<\/p>\t\t\t\t\t\t<\/div>\n\t\t\t\t<\/div>\n\t\t\t\t<div class=\"elementor-element elementor-element-63e6527 elementor-widget elementor-widget-image\" data-id=\"63e6527\" data-element_type=\"widget\" data-widget_type=\"image.default\">\n\t\t\t\t<div class=\"elementor-widget-container\">\n\t\t\t\t\t\t\t\t\t\t\t\t\t<img fetchpriority=\"high\" decoding=\"async\" width=\"1440\" height=\"700\" src=\"https:\/\/bnwburger.com\/wp-content\/uploads\/2025\/09\/App-ban-PC.png\" class=\"attachment-full size-full wp-image-3828\" alt=\"\" srcset=\"https:\/\/bnwburger.com\/wp-content\/uploads\/2025\/09\/App-ban-PC.png 1440w, https:\/\/bnwburger.com\/wp-content\/uploads\/2025\/09\/App-ban-PC-300x146.png 300w, https:\/\/bnwburger.com\/wp-content\/uploads\/2025\/09\/App-ban-PC-1024x498.png 1024w, https:\/\/bnwburger.com\/wp-content\/uploads\/2025\/09\/App-ban-PC-768x373.png 768w, https:\/\/bnwburger.com\/wp-content\/uploads\/2025\/09\/App-ban-PC-18x9.png 18w\" sizes=\"(max-width: 1440px) 100vw, 1440px\" \/>\t\t\t\t\t\t\t\t\t\t\t\t\t<\/div>\n\t\t\t\t<\/div>\n\t\t\t\t<div class=\"elementor-element elementor-element-d4355d1 elementor-widget elementor-widget-spacer\" data-id=\"d4355d1\" data-element_type=\"widget\" data-widget_type=\"spacer.default\">\n\t\t\t\t<div class=\"elementor-widget-container\">\n\t\t\t\t\t<div class=\"elementor-spacer\">\n\t\t\t<div class=\"elementor-spacer-inner\"><\/div>\n\t\t<\/div>\n\t\t\t\t<\/div>\n\t\t\t\t<\/div>\n\t\t\t\t<div class=\"elementor-element elementor-element-b31efd8 elementor-widget elementor-widget-text-editor\" data-id=\"b31efd8\" data-element_type=\"widget\" data-widget_type=\"text-editor.default\">\n\t\t\t\t<div class=\"elementor-widget-container\">\n\t\t\t\t\t\t\t<p><strong>De toepassing downloaden<br><\/strong><strong>Zwart-wit hamburger<\/strong><\/p>\t\t\t\t\t\t<\/div>\n\t\t\t\t<\/div>\n\t\t\t\t<section class=\"elementor-section elementor-inner-section elementor-element elementor-element-7c8fdfd elementor-section-boxed elementor-section-height-default elementor-section-height-default\" data-id=\"7c8fdfd\" data-element_type=\"section\">\n\t\t\t\t\t\t<div class=\"elementor-container elementor-column-gap-default\">\n\t\t\t\t\t<div class=\"elementor-column elementor-col-50 elementor-inner-column elementor-element elementor-element-e3e7941\" data-id=\"e3e7941\" data-element_type=\"column\">\n\t\t\t<div class=\"elementor-widget-wrap elementor-element-populated\">\n\t\t\t\t\t\t<div class=\"elementor-element elementor-element-f35ff6a elementor-widget elementor-widget-image\" data-id=\"f35ff6a\" data-element_type=\"widget\" data-widget_type=\"image.default\">\n\t\t\t\t<div class=\"elementor-widget-container\">\n\t\t\t\t\t\t\t\t\t\t\t\t\t\t<a href=\"https:\/\/apps.apple.com\/fr\/app\/black-and-white\/id6670405344\">\n\t\t\t\t\t\t\t<img decoding=\"async\" width=\"600\" height=\"190\" src=\"https:\/\/bnwburger.com\/wp-content\/uploads\/2024\/11\/AppStore-600x190-1.webp\" class=\"attachment-large size-large wp-image-3216\" alt=\"\" srcset=\"https:\/\/bnwburger.com\/wp-content\/uploads\/2024\/11\/AppStore-600x190-1.webp 600w, https:\/\/bnwburger.com\/wp-content\/uploads\/2024\/11\/AppStore-600x190-1-300x95.webp 300w, https:\/\/bnwburger.com\/wp-content\/uploads\/2024\/11\/AppStore-600x190-1-18x6.webp 18w\" sizes=\"(max-width: 600px) 100vw, 600px\" \/>\t\t\t\t\t\t\t\t<\/a>\n\t\t\t\t\t\t\t\t\t\t\t\t\t<\/div>\n\t\t\t\t<\/div>\n\t\t\t\t\t<\/div>\n\t\t<\/div>\n\t\t\t\t<div class=\"elementor-column elementor-col-50 elementor-inner-column elementor-element elementor-element-1170575\" data-id=\"1170575\" data-element_type=\"column\">\n\t\t\t<div class=\"elementor-widget-wrap elementor-element-populated\">\n\t\t\t\t\t\t<div class=\"elementor-element elementor-element-0fd4349 elementor-widget elementor-widget-image\" data-id=\"0fd4349\" data-element_type=\"widget\" data-widget_type=\"image.default\">\n\t\t\t\t<div class=\"elementor-widget-container\">\n\t\t\t\t\t\t\t\t\t\t\t\t\t\t<a href=\"https:\/\/play.google.com\/store\/apps\/details?id=com.belorder.blackandwhite&#038;pli=1\">\n\t\t\t\t\t\t\t<img decoding=\"async\" width=\"600\" height=\"178\" src=\"https:\/\/bnwburger.com\/wp-content\/uploads\/2024\/11\/Google-Play-600x178-1.webp\" class=\"attachment-large size-large wp-image-3217\" alt=\"\" srcset=\"https:\/\/bnwburger.com\/wp-content\/uploads\/2024\/11\/Google-Play-600x178-1.webp 600w, https:\/\/bnwburger.com\/wp-content\/uploads\/2024\/11\/Google-Play-600x178-1-300x89.webp 300w, https:\/\/bnwburger.com\/wp-content\/uploads\/2024\/11\/Google-Play-600x178-1-18x5.webp 18w\" sizes=\"(max-width: 600px) 100vw, 600px\" \/>\t\t\t\t\t\t\t\t<\/a>\n\t\t\t\t\t\t\t\t\t\t\t\t\t<\/div>\n\t\t\t\t<\/div>\n\t\t\t\t\t<\/div>\n\t\t<\/div>\n\t\t\t\t\t<\/div>\n\t\t<\/section>\n\t\t\t\t\t<\/div>\n\t\t<\/div>\n\t\t\t\t\t<\/div>\n\t\t<\/section>\n\t\t\t\t<\/div>","protected":false},"excerpt":{"rendered":"<p>De Black &amp; White Burger app is EINDELIJK beschikbaar! Registreer je op de Black &amp; White Burger mobiele app om te profiteren van exclusieve aanbiedingen en het loyaliteitsprogramma! Download de Black &amp; White Burger-app<\/p>","protected":false},"author":1,"featured_media":0,"parent":0,"menu_order":0,"comment_status":"closed","ping_status":"closed","template":"elementor_header_footer","meta":{"footnotes":""},"yoast_head":"<!-- This site is optimized with the Yoast SEO plugin v23.0 - https:\/\/yoast.com\/wordpress\/plugins\/seo\/ -->\n<title>T\u00e9l\u00e9chargement application - Black and White Burger<\/title>\n<meta name=\"robots\" content=\"index, follow, max-snippet:-1, max-image-preview:large, max-video-preview:-1\" \/>\n<link rel=\"canonical\" href=\"https:\/\/bnwburger.com\/nl\/telechargement-application\/\" \/>\n<meta property=\"og:locale\" content=\"nl_BE\" \/>\n<meta property=\"og:type\" content=\"article\" \/>\n<meta property=\"og:title\" content=\"T\u00e9l\u00e9chargement application - Black and White Burger\" \/>\n<meta property=\"og:description\" content=\"L&rsquo;appli Black &amp; White Burger&nbsp;est ENFIN disponible ! Inscris-toi sur l\u2019application mobile Black &amp; White Burgerpour b\u00e9n\u00e9ficier d\u2019offres exclusives &amp; du programme de fid\u00e9lit\u00e9 ! T\u00e9l\u00e9charge l&rsquo;applicationBlack &amp; White Burger\" \/>\n<meta property=\"og:url\" content=\"https:\/\/bnwburger.com\/nl\/telechargement-application\/\" \/>\n<meta property=\"og:site_name\" content=\"Black and White Burger\" \/>\n<meta property=\"article:publisher\" content=\"https:\/\/www.facebook.com\/blacknwhiteburger\" \/>\n<meta property=\"article:modified_time\" content=\"2025-11-19T07:33:34+00:00\" \/>\n<meta property=\"og:image\" content=\"https:\/\/bnwburger.com\/wp-content\/uploads\/2025\/09\/App-ban-PC.png\" \/>\n<meta name=\"twitter:card\" content=\"summary_large_image\" \/>\n<meta name=\"twitter:label1\" content=\"Geschatte leestijd\" \/>\n\t<meta name=\"twitter:data1\" content=\"1 minuut\" \/>\n<script type=\"application\/ld+json\" class=\"yoast-schema-graph\">{\"@context\":\"https:\/\/schema.org\",\"@graph\":[{\"@type\":\"WebPage\",\"@id\":\"https:\/\/bnwburger.com\/telechargement-application\/\",\"url\":\"https:\/\/bnwburger.com\/telechargement-application\/\",\"name\":\"T\u00e9l\u00e9chargement application - Black and White Burger\",\"isPartOf\":{\"@id\":\"https:\/\/bnwburger.com\/#website\"},\"primaryImageOfPage\":{\"@id\":\"https:\/\/bnwburger.com\/telechargement-application\/#primaryimage\"},\"image\":{\"@id\":\"https:\/\/bnwburger.com\/telechargement-application\/#primaryimage\"},\"thumbnailUrl\":\"https:\/\/bnwburger.com\/wp-content\/uploads\/2025\/09\/App-ban-PC.png\",\"datePublished\":\"2024-11-07T12:34:37+00:00\",\"dateModified\":\"2025-11-19T07:33:34+00:00\",\"breadcrumb\":{\"@id\":\"https:\/\/bnwburger.com\/telechargement-application\/#breadcrumb\"},\"inLanguage\":\"nl-BE\",\"potentialAction\":[{\"@type\":\"ReadAction\",\"target\":[\"https:\/\/bnwburger.com\/telechargement-application\/\"]}]},{\"@type\":\"ImageObject\",\"inLanguage\":\"nl-BE\",\"@id\":\"https:\/\/bnwburger.com\/telechargement-application\/#primaryimage\",\"url\":\"https:\/\/bnwburger.com\/wp-content\/uploads\/2025\/09\/App-ban-PC.png\",\"contentUrl\":\"https:\/\/bnwburger.com\/wp-content\/uploads\/2025\/09\/App-ban-PC.png\"},{\"@type\":\"BreadcrumbList\",\"@id\":\"https:\/\/bnwburger.com\/telechargement-application\/#breadcrumb\",\"itemListElement\":[{\"@type\":\"ListItem\",\"position\":1,\"name\":\"Accueil\",\"item\":\"https:\/\/bnwburger.com\/\"},{\"@type\":\"ListItem\",\"position\":2,\"name\":\"T\u00e9l\u00e9chargement application\"}]},{\"@type\":\"WebSite\",\"@id\":\"https:\/\/bnwburger.com\/#website\",\"url\":\"https:\/\/bnwburger.com\/\",\"name\":\"Black and White Burger\",\"description\":\"Not a burger, a vogue\",\"publisher\":{\"@id\":\"https:\/\/bnwburger.com\/#organization\"},\"potentialAction\":[{\"@type\":\"SearchAction\",\"target\":{\"@type\":\"EntryPoint\",\"urlTemplate\":\"https:\/\/bnwburger.com\/?s={search_term_string}\"},\"query-input\":\"required name=search_term_string\"}],\"inLanguage\":\"nl-BE\"},{\"@type\":\"Organization\",\"@id\":\"https:\/\/bnwburger.com\/#organization\",\"name\":\"Black and White Burger\",\"url\":\"https:\/\/bnwburger.com\/\",\"logo\":{\"@type\":\"ImageObject\",\"inLanguage\":\"nl-BE\",\"@id\":\"https:\/\/bnwburger.com\/#\/schema\/logo\/image\/\",\"url\":\"https:\/\/bnwburger.com\/wp-content\/uploads\/2024\/01\/Fichier-1@2x.png\",\"contentUrl\":\"https:\/\/bnwburger.com\/wp-content\/uploads\/2024\/01\/Fichier-1@2x.png\",\"width\":2091,\"height\":868,\"caption\":\"Black and White Burger\"},\"image\":{\"@id\":\"https:\/\/bnwburger.com\/#\/schema\/logo\/image\/\"},\"sameAs\":[\"https:\/\/www.facebook.com\/blacknwhiteburger\"]}]}<\/script>\n<!-- \/ Yoast SEO plugin. -->","yoast_head_json":{"title":"T\u00e9l\u00e9chargement application - Black and White Burger","robots":{"index":"index","follow":"follow","max-snippet":"max-snippet:-1","max-image-preview":"max-image-preview:large","max-video-preview":"max-video-preview:-1"},"canonical":"https:\/\/bnwburger.com\/nl\/telechargement-application\/","og_locale":"nl_BE","og_type":"article","og_title":"T\u00e9l\u00e9chargement application - Black and White Burger","og_description":"L&rsquo;appli Black &amp; White Burger&nbsp;est ENFIN disponible ! Inscris-toi sur l\u2019application mobile Black &amp; White Burgerpour b\u00e9n\u00e9ficier d\u2019offres exclusives &amp; du programme de fid\u00e9lit\u00e9 ! T\u00e9l\u00e9charge l&rsquo;applicationBlack &amp; White Burger","og_url":"https:\/\/bnwburger.com\/nl\/telechargement-application\/","og_site_name":"Black and White Burger","article_publisher":"https:\/\/www.facebook.com\/blacknwhiteburger","article_modified_time":"2025-11-19T07:33:34+00:00","og_image":[{"url":"https:\/\/bnwburger.com\/wp-content\/uploads\/2025\/09\/App-ban-PC.png"}],"twitter_card":"summary_large_image","twitter_misc":{"Geschatte leestijd":"1 minuut"},"schema":{"@context":"https:\/\/schema.org","@graph":[{"@type":"WebPage","@id":"https:\/\/bnwburger.com\/telechargement-application\/","url":"https:\/\/bnwburger.com\/telechargement-application\/","name":"T\u00e9l\u00e9chargement application - Black and White Burger","isPartOf":{"@id":"https:\/\/bnwburger.com\/#website"},"primaryImageOfPage":{"@id":"https:\/\/bnwburger.com\/telechargement-application\/#primaryimage"},"image":{"@id":"https:\/\/bnwburger.com\/telechargement-application\/#primaryimage"},"thumbnailUrl":"https:\/\/bnwburger.com\/wp-content\/uploads\/2025\/09\/App-ban-PC.png","datePublished":"2024-11-07T12:34:37+00:00","dateModified":"2025-11-19T07:33:34+00:00","breadcrumb":{"@id":"https:\/\/bnwburger.com\/telechargement-application\/#breadcrumb"},"inLanguage":"nl-BE","potentialAction":[{"@type":"ReadAction","target":["https:\/\/bnwburger.com\/telechargement-application\/"]}]},{"@type":"ImageObject","inLanguage":"nl-BE","@id":"https:\/\/bnwburger.com\/telechargement-application\/#primaryimage","url":"https:\/\/bnwburger.com\/wp-content\/uploads\/2025\/09\/App-ban-PC.png","contentUrl":"https:\/\/bnwburger.com\/wp-content\/uploads\/2025\/09\/App-ban-PC.png"},{"@type":"BreadcrumbList","@id":"https:\/\/bnwburger.com\/telechargement-application\/#breadcrumb","itemListElement":[{"@type":"ListItem","position":1,"name":"Accueil","item":"https:\/\/bnwburger.com\/"},{"@type":"ListItem","position":2,"name":"T\u00e9l\u00e9chargement application"}]},{"@type":"WebSite","@id":"https:\/\/bnwburger.com\/#website","url":"https:\/\/bnwburger.com\/","name":"Black and White Burger","description":"Not a burger, a vogue","publisher":{"@id":"https:\/\/bnwburger.com\/#organization"},"potentialAction":[{"@type":"SearchAction","target":{"@type":"EntryPoint","urlTemplate":"https:\/\/bnwburger.com\/?s={search_term_string}"},"query-input":"required name=search_term_string"}],"inLanguage":"nl-BE"},{"@type":"Organization","@id":"https:\/\/bnwburger.com\/#organization","name":"Black and White Burger","url":"https:\/\/bnwburger.com\/","logo":{"@type":"ImageObject","inLanguage":"nl-BE","@id":"https:\/\/bnwburger.com\/#\/schema\/logo\/image\/","url":"https:\/\/bnwburger.com\/wp-content\/uploads\/2024\/01\/Fichier-1@2x.png","contentUrl":"https:\/\/bnwburger.com\/wp-content\/uploads\/2024\/01\/Fichier-1@2x.png","width":2091,"height":868,"caption":"Black and White Burger"},"image":{"@id":"https:\/\/bnwburger.com\/#\/schema\/logo\/image\/"},"sameAs":["https:\/\/www.facebook.com\/blacknwhiteburger"]}]}},"_links":{"self":[{"href":"https:\/\/bnwburger.com\/nl\/wp-json\/wp\/v2\/pages\/3214"}],"collection":[{"href":"https:\/\/bnwburger.com\/nl\/wp-json\/wp\/v2\/pages"}],"about":[{"href":"https:\/\/bnwburger.com\/nl\/wp-json\/wp\/v2\/types\/page"}],"author":[{"embeddable":true,"href":"https:\/\/bnwburger.com\/nl\/wp-json\/wp\/v2\/users\/1"}],"replies":[{"embeddable":true,"href":"https:\/\/bnwburger.com\/nl\/wp-json\/wp\/v2\/comments?post=3214"}],"version-history":[{"count":38,"href":"https:\/\/bnwburger.com\/nl\/wp-json\/wp\/v2\/pages\/3214\/revisions"}],"predecessor-version":[{"id":4340,"href":"https:\/\/bnwburger.com\/nl\/wp-json\/wp\/v2\/pages\/3214\/revisions\/4340"}],"wp:attachment":[{"href":"https:\/\/bnwburger.com\/nl\/wp-json\/wp\/v2\/media?parent=3214"}],"curies":[{"name":"wp","href":"https:\/\/api.w.org\/{rel}","templated":true}]}}