{"id":75,"date":"2024-01-17T13:31:58","date_gmt":"2024-01-17T12:31:58","guid":{"rendered":"https:\/\/bnwburger.com\/?page_id=75"},"modified":"2025-09-15T17:18:33","modified_gmt":"2025-09-15T15:18:33","slug":"notre-concept","status":"publish","type":"page","link":"https:\/\/bnwburger.com\/en\/notre-concept\/","title":{"rendered":"Our concept"},"content":{"rendered":"<div data-elementor-type=\"wp-page\" data-elementor-id=\"75\" class=\"elementor elementor-75\" data-elementor-post-type=\"page\">\n\t\t\t\t\t\t<section class=\"elementor-section elementor-top-section elementor-element elementor-element-2bf5afb elementor-section-boxed elementor-section-height-default elementor-section-height-default\" data-id=\"2bf5afb\" data-element_type=\"section\">\n\t\t\t\t\t\t<div class=\"elementor-container elementor-column-gap-default\">\n\t\t\t\t\t<div class=\"elementor-column elementor-col-100 elementor-top-column elementor-element elementor-element-b8b6bee\" data-id=\"b8b6bee\" data-element_type=\"column\">\n\t\t\t<div class=\"elementor-widget-wrap elementor-element-populated\">\n\t\t\t\t\t\t<div class=\"elementor-element elementor-element-6f09cb23 elementor-widget elementor-widget-heading\" data-id=\"6f09cb23\" data-element_type=\"widget\" data-widget_type=\"heading.default\">\n\t\t\t\t<div class=\"elementor-widget-container\">\n\t\t\t<style>\/*! elementor - v3.23.0 - 05-08-2024 *\/\n.elementor-heading-title{padding:0;margin:0;line-height:1}.elementor-widget-heading .elementor-heading-title[class*=elementor-size-]>a{color:inherit;font-size:inherit;line-height:inherit}.elementor-widget-heading .elementor-heading-title.elementor-size-small{font-size:15px}.elementor-widget-heading .elementor-heading-title.elementor-size-medium{font-size:19px}.elementor-widget-heading .elementor-heading-title.elementor-size-large{font-size:29px}.elementor-widget-heading .elementor-heading-title.elementor-size-xl{font-size:39px}.elementor-widget-heading .elementor-heading-title.elementor-size-xxl{font-size:59px}<\/style><h2 class=\"elementor-heading-title elementor-size-default\">Our concept<\/h2>\t\t<\/div>\n\t\t\t\t<\/div>\n\t\t\t\t\t<\/div>\n\t\t<\/div>\n\t\t\t\t\t<\/div>\n\t\t<\/section>\n\t\t\t\t<section class=\"elementor-section elementor-top-section elementor-element elementor-element-7e75761 elementor-section-boxed elementor-section-height-default elementor-section-height-default\" data-id=\"7e75761\" data-element_type=\"section\" data-settings=\"{&quot;background_background&quot;:&quot;classic&quot;,&quot;background_motion_fx_motion_fx_scrolling&quot;:&quot;yes&quot;,&quot;background_motion_fx_translateY_effect&quot;:&quot;yes&quot;,&quot;background_motion_fx_translateY_affectedRange&quot;:{&quot;unit&quot;:&quot;%&quot;,&quot;size&quot;:&quot;&quot;,&quot;sizes&quot;:{&quot;start&quot;:0,&quot;end&quot;:11}},&quot;background_motion_fx_translateY_speed&quot;:{&quot;unit&quot;:&quot;px&quot;,&quot;size&quot;:4,&quot;sizes&quot;:[]},&quot;background_motion_fx_devices&quot;:[&quot;desktop&quot;,&quot;tablet&quot;,&quot;mobile&quot;]}\">\n\t\t\t\t\t\t<div class=\"elementor-container elementor-column-gap-default\">\n\t\t\t\t\t<div class=\"elementor-column elementor-col-50 elementor-top-column elementor-element elementor-element-76a8057\" data-id=\"76a8057\" data-element_type=\"column\">\n\t\t\t<div class=\"elementor-widget-wrap elementor-element-populated\">\n\t\t\t\t\t\t<div class=\"elementor-element elementor-element-69bf07b5 elementor-widget elementor-widget-heading\" data-id=\"69bf07b5\" data-element_type=\"widget\" data-widget_type=\"heading.default\">\n\t\t\t\t<div class=\"elementor-widget-container\">\n\t\t\t<h2 class=\"elementor-heading-title elementor-size-default\">THE BEGINNING OF THE STORY<\/h2>\t\t<\/div>\n\t\t\t\t<\/div>\n\t\t\t\t<div class=\"elementor-element elementor-element-1b8b4336 elementor-widget elementor-widget-text-editor\" data-id=\"1b8b4336\" data-element_type=\"widget\" data-widget_type=\"text-editor.default\">\n\t\t\t\t<div class=\"elementor-widget-container\">\n\t\t\t<style>\/*! elementor - v3.23.0 - 05-08-2024 *\/\n.elementor-widget-text-editor.elementor-drop-cap-view-stacked .elementor-drop-cap{background-color:#69727d;color:#fff}.elementor-widget-text-editor.elementor-drop-cap-view-framed .elementor-drop-cap{color:#69727d;border:3px solid;background-color:transparent}.elementor-widget-text-editor:not(.elementor-drop-cap-view-default) .elementor-drop-cap{margin-top:8px}.elementor-widget-text-editor:not(.elementor-drop-cap-view-default) .elementor-drop-cap-letter{width:1em;height:1em}.elementor-widget-text-editor .elementor-drop-cap{float:left;text-align:center;line-height:1;font-size:50px}.elementor-widget-text-editor .elementor-drop-cap-letter{display:inline-block}<\/style>\t\t\t\t<p>Black &amp; White Burger is the burger phenomenon dreamed up and created by Ibraguim Tsetchoev, better known as Ibra TV, and his partner Djam, the famous YouTubers with over<br \/>7.5 million followers on social networks!<\/p><p>The founders' aim is to create unique burgers and offer burger lovers a taste and visual experience!<\/p><p>And the least we can say is that the daring gamble of offering black and white burgers has been so successful that the concept, launched in 2018 in Paris, is going from strength to strength with over forty restaurants soon to open in France and abroad!<\/p><p>The Black &amp; White Burger wave is definitely on the move and we can't wait to take you with us!<\/p>\t\t\t\t\t\t<\/div>\n\t\t\t\t<\/div>\n\t\t\t\t\t<\/div>\n\t\t<\/div>\n\t\t\t\t<div class=\"elementor-column elementor-col-50 elementor-top-column elementor-element elementor-element-179b015\" data-id=\"179b015\" data-element_type=\"column\">\n\t\t\t<div class=\"elementor-widget-wrap elementor-element-populated\">\n\t\t\t\t\t\t<div class=\"elementor-element elementor-element-080c50f elementor-hidden-desktop elementor-hidden-tablet elementor-widget elementor-widget-image\" data-id=\"080c50f\" data-element_type=\"widget\" data-widget_type=\"image.default\">\n\t\t\t\t<div class=\"elementor-widget-container\">\n\t\t\t\t\t\t\t\t\t\t\t\t\t<img fetchpriority=\"high\" decoding=\"async\" width=\"1593\" height=\"1867\" src=\"https:\/\/bnwburger.com\/wp-content\/uploads\/2024\/03\/Group-9918.webp\" class=\"attachment-full size-full wp-image-1879\" alt=\"\" srcset=\"https:\/\/bnwburger.com\/wp-content\/uploads\/2024\/03\/Group-9918.webp 1593w, https:\/\/bnwburger.com\/wp-content\/uploads\/2024\/03\/Group-9918-256x300.webp 256w, https:\/\/bnwburger.com\/wp-content\/uploads\/2024\/03\/Group-9918-874x1024.webp 874w, https:\/\/bnwburger.com\/wp-content\/uploads\/2024\/03\/Group-9918-768x900.webp 768w, https:\/\/bnwburger.com\/wp-content\/uploads\/2024\/03\/Group-9918-1311x1536.webp 1311w\" sizes=\"(max-width: 1593px) 100vw, 1593px\" \/>\t\t\t\t\t\t\t\t\t\t\t\t\t<\/div>\n\t\t\t\t<\/div>\n\t\t\t\t\t<\/div>\n\t\t<\/div>\n\t\t\t\t\t<\/div>\n\t\t<\/section>\n\t\t\t\t<section class=\"elementor-section elementor-top-section elementor-element elementor-element-7732d44 elementor-section-content-middle elementor-section-boxed elementor-section-height-default elementor-section-height-default\" data-id=\"7732d44\" data-element_type=\"section\" data-settings=\"{&quot;background_background&quot;:&quot;classic&quot;}\">\n\t\t\t\t\t\t<div class=\"elementor-container elementor-column-gap-wider\">\n\t\t\t\t\t<div class=\"elementor-column elementor-col-50 elementor-top-column elementor-element elementor-element-4c74baa\" data-id=\"4c74baa\" data-element_type=\"column\">\n\t\t\t<div class=\"elementor-widget-wrap elementor-element-populated\">\n\t\t\t\t\t\t<div class=\"elementor-element elementor-element-6688078 elementor-widget elementor-widget-image\" data-id=\"6688078\" data-element_type=\"widget\" data-widget_type=\"image.default\">\n\t\t\t\t<div class=\"elementor-widget-container\">\n\t\t\t\t\t\t\t\t\t\t\t\t\t<img decoding=\"async\" width=\"1088\" height=\"1076\" src=\"https:\/\/bnwburger.com\/wp-content\/uploads\/2024\/02\/DSC02662-1.webp\" class=\"attachment-full size-full wp-image-926\" alt=\"\" srcset=\"https:\/\/bnwburger.com\/wp-content\/uploads\/2024\/02\/DSC02662-1.webp 1088w, https:\/\/bnwburger.com\/wp-content\/uploads\/2024\/02\/DSC02662-1-300x297.webp 300w, https:\/\/bnwburger.com\/wp-content\/uploads\/2024\/02\/DSC02662-1-1024x1013.webp 1024w, https:\/\/bnwburger.com\/wp-content\/uploads\/2024\/02\/DSC02662-1-768x760.webp 768w\" sizes=\"(max-width: 1088px) 100vw, 1088px\" \/>\t\t\t\t\t\t\t\t\t\t\t\t\t<\/div>\n\t\t\t\t<\/div>\n\t\t\t\t\t<\/div>\n\t\t<\/div>\n\t\t\t\t<div class=\"elementor-column elementor-col-50 elementor-top-column elementor-element elementor-element-5038ae9\" data-id=\"5038ae9\" data-element_type=\"column\">\n\t\t\t<div class=\"elementor-widget-wrap elementor-element-populated\">\n\t\t\t\t\t\t<div class=\"elementor-element elementor-element-3be64af elementor-widget elementor-widget-heading\" data-id=\"3be64af\" data-element_type=\"widget\" data-widget_type=\"heading.default\">\n\t\t\t\t<div class=\"elementor-widget-container\">\n\t\t\t<h2 class=\"elementor-heading-title elementor-size-default\">La Vague Black &amp; White Burger<\/h2>\t\t<\/div>\n\t\t\t\t<\/div>\n\t\t\t\t<div class=\"elementor-element elementor-element-c9c703a elementor-widget elementor-widget-text-editor\" data-id=\"c9c703a\" data-element_type=\"widget\" data-widget_type=\"text-editor.default\">\n\t\t\t\t<div class=\"elementor-widget-container\">\n\t\t\t\t\t\t\t<p>Our brand is creating a real buzz on social networks, generating enthusiasm and attention from users.<\/p><p>We are constantly on the lookout for the latest trends, enabling us to keep in step with the expectations and desires of our audience.<\/p><p>Our products capture the imagination by reflecting the latest trends and offering a unique, cutting-edge experience. Our dynamic online presence generates positive buzz, reinforcing our position as an innovative leader in our sector.<\/p>\t\t\t\t\t\t<\/div>\n\t\t\t\t<\/div>\n\t\t\t\t\t<\/div>\n\t\t<\/div>\n\t\t\t\t\t<\/div>\n\t\t<\/section>\n\t\t\t\t<section class=\"elementor-section elementor-top-section elementor-element elementor-element-f0a8c82 elementor-section-boxed elementor-section-height-default elementor-section-height-default\" data-id=\"f0a8c82\" data-element_type=\"section\" data-settings=\"{&quot;background_background&quot;:&quot;classic&quot;,&quot;background_motion_fx_motion_fx_scrolling&quot;:&quot;yes&quot;,&quot;background_motion_fx_translateY_effect&quot;:&quot;yes&quot;,&quot;background_motion_fx_translateY_affectedRange&quot;:{&quot;unit&quot;:&quot;%&quot;,&quot;size&quot;:&quot;&quot;,&quot;sizes&quot;:{&quot;start&quot;:0,&quot;end&quot;:20}},&quot;background_motion_fx_translateY_speed&quot;:{&quot;unit&quot;:&quot;px&quot;,&quot;size&quot;:4,&quot;sizes&quot;:[]},&quot;background_motion_fx_devices&quot;:[&quot;desktop&quot;,&quot;tablet&quot;,&quot;mobile&quot;]}\">\n\t\t\t\t\t\t\t<div class=\"elementor-background-overlay\"><\/div>\n\t\t\t\t\t\t\t<div class=\"elementor-container elementor-column-gap-default\">\n\t\t\t\t\t<div class=\"elementor-column elementor-col-50 elementor-top-column elementor-element elementor-element-2965fa6\" data-id=\"2965fa6\" data-element_type=\"column\">\n\t\t\t<div class=\"elementor-widget-wrap elementor-element-populated\">\n\t\t\t\t\t\t<div class=\"elementor-element elementor-element-09a7813 elementor-widget elementor-widget-heading\" data-id=\"09a7813\" data-element_type=\"widget\" data-widget_type=\"heading.default\">\n\t\t\t\t<div class=\"elementor-widget-container\">\n\t\t\t<h2 class=\"elementor-heading-title elementor-size-default\">a guarantee of quality<\/h2>\t\t<\/div>\n\t\t\t\t<\/div>\n\t\t\t\t<div class=\"elementor-element elementor-element-2d11948 elementor-widget elementor-widget-text-editor\" data-id=\"2d11948\" data-element_type=\"widget\" data-widget_type=\"text-editor.default\">\n\t\t\t\t<div class=\"elementor-widget-container\">\n\t\t\t\t\t\t\t<p>Beyond the fashionable style of the burgers, Ibra and Djam wanted to offer a real invitation to taste, with fresh produce and Black Angus meat with an inimitable flavour, matured cheddar, a baker's bread delivered each morning and, of course, the famous black bread with natural vegetable charcoal!<\/p><p>There's no mistaking Black &amp; White's burgers!<\/p><p>Each bite is an explosion of flavour. Our recipes are the result of a clever combination of quality local ingredients and boundless creativity.<\/p><p>Validated by our talented collaborating chefs, our burgers tell a story of unforgettable flavours.<\/p>\t\t\t\t\t\t<\/div>\n\t\t\t\t<\/div>\n\t\t\t\t\t<\/div>\n\t\t<\/div>\n\t\t\t\t<div class=\"elementor-column elementor-col-50 elementor-top-column elementor-element elementor-element-724b365\" data-id=\"724b365\" data-element_type=\"column\">\n\t\t\t<div class=\"elementor-widget-wrap\">\n\t\t\t\t\t\t\t<\/div>\n\t\t<\/div>\n\t\t\t\t\t<\/div>\n\t\t<\/section>\n\t\t\t\t<\/div>","protected":false},"excerpt":{"rendered":"<p>Our concept THE STORY BEGINS Black &amp; White Burger is the burger phenomenon dreamed up and created by Ibraguim Tsetchoev, better known as Ibra TV, and his partner Djam, the famous YouTubers with over 7.5 million subscribers on social networks! The aim is to create unique burgers and offer a unique taste and [...]<\/p>","protected":false},"author":1,"featured_media":0,"parent":0,"menu_order":0,"comment_status":"closed","ping_status":"closed","template":"elementor_header_footer","meta":{"footnotes":""},"yoast_head":"<!-- This site is optimized with the Yoast SEO plugin v23.0 - https:\/\/yoast.com\/wordpress\/plugins\/seo\/ -->\n<title>Notre concept - Black and White Burger<\/title>\n<meta name=\"robots\" content=\"index, follow, max-snippet:-1, max-image-preview:large, max-video-preview:-1\" \/>\n<link rel=\"canonical\" href=\"https:\/\/bnwburger.com\/en\/notre-concept\/\" \/>\n<meta property=\"og:locale\" content=\"en_GB\" \/>\n<meta property=\"og:type\" content=\"article\" \/>\n<meta property=\"og:title\" content=\"Notre concept - Black and White Burger\" \/>\n<meta property=\"og:description\" content=\"Notre concept LE D\u00c9BUT DE L&rsquo;HISTOIRE Black &amp; White Burger est le ph\u00e9nom\u00e8ne burger imagin\u00e9 et cr\u00e9\u00e9 par Ibraguim Tsetchoev, plus connu sous le nom de Ibra TV, et son partenaire Djam, les c\u00e9l\u00e8bres YouTubeurs comptant plus de7,5 millions d\u2019abonn\u00e9s sur \u2028les r\u00e9seaux sociaux ! Cr\u00e9er des burgers uniques et offrir une exp\u00e9rience gustative et [&hellip;]\" \/>\n<meta property=\"og:url\" content=\"https:\/\/bnwburger.com\/en\/notre-concept\/\" \/>\n<meta property=\"og:site_name\" content=\"Black and White Burger\" \/>\n<meta property=\"article:publisher\" content=\"https:\/\/www.facebook.com\/blacknwhiteburger\" \/>\n<meta property=\"article:modified_time\" content=\"2025-09-15T15:18:33+00:00\" \/>\n<meta property=\"og:image\" content=\"https:\/\/bnwburger.com\/wp-content\/uploads\/2024\/03\/Group-9918.webp\" \/>\n<meta name=\"twitter:card\" content=\"summary_large_image\" \/>\n<meta name=\"twitter:label1\" content=\"Estimated reading time\" \/>\n\t<meta name=\"twitter:data1\" content=\"2 minutes\" \/>\n<script type=\"application\/ld+json\" class=\"yoast-schema-graph\">{\"@context\":\"https:\/\/schema.org\",\"@graph\":[{\"@type\":\"WebPage\",\"@id\":\"https:\/\/bnwburger.com\/notre-concept\/\",\"url\":\"https:\/\/bnwburger.com\/notre-concept\/\",\"name\":\"Notre concept - Black and White Burger\",\"isPartOf\":{\"@id\":\"https:\/\/bnwburger.com\/#website\"},\"primaryImageOfPage\":{\"@id\":\"https:\/\/bnwburger.com\/notre-concept\/#primaryimage\"},\"image\":{\"@id\":\"https:\/\/bnwburger.com\/notre-concept\/#primaryimage\"},\"thumbnailUrl\":\"https:\/\/bnwburger.com\/wp-content\/uploads\/2024\/03\/Group-9918.webp\",\"datePublished\":\"2024-01-17T12:31:58+00:00\",\"dateModified\":\"2025-09-15T15:18:33+00:00\",\"breadcrumb\":{\"@id\":\"https:\/\/bnwburger.com\/notre-concept\/#breadcrumb\"},\"inLanguage\":\"en-GB\",\"potentialAction\":[{\"@type\":\"ReadAction\",\"target\":[\"https:\/\/bnwburger.com\/notre-concept\/\"]}]},{\"@type\":\"ImageObject\",\"inLanguage\":\"en-GB\",\"@id\":\"https:\/\/bnwburger.com\/notre-concept\/#primaryimage\",\"url\":\"https:\/\/bnwburger.com\/wp-content\/uploads\/2024\/03\/Group-9918.webp\",\"contentUrl\":\"https:\/\/bnwburger.com\/wp-content\/uploads\/2024\/03\/Group-9918.webp\"},{\"@type\":\"BreadcrumbList\",\"@id\":\"https:\/\/bnwburger.com\/notre-concept\/#breadcrumb\",\"itemListElement\":[{\"@type\":\"ListItem\",\"position\":1,\"name\":\"Accueil\",\"item\":\"https:\/\/bnwburger.com\/\"},{\"@type\":\"ListItem\",\"position\":2,\"name\":\"Notre concept\"}]},{\"@type\":\"WebSite\",\"@id\":\"https:\/\/bnwburger.com\/#website\",\"url\":\"https:\/\/bnwburger.com\/\",\"name\":\"Black and White Burger\",\"description\":\"Not a burger, a vogue\",\"publisher\":{\"@id\":\"https:\/\/bnwburger.com\/#organization\"},\"potentialAction\":[{\"@type\":\"SearchAction\",\"target\":{\"@type\":\"EntryPoint\",\"urlTemplate\":\"https:\/\/bnwburger.com\/?s={search_term_string}\"},\"query-input\":\"required name=search_term_string\"}],\"inLanguage\":\"en-GB\"},{\"@type\":\"Organization\",\"@id\":\"https:\/\/bnwburger.com\/#organization\",\"name\":\"Black and White Burger\",\"url\":\"https:\/\/bnwburger.com\/\",\"logo\":{\"@type\":\"ImageObject\",\"inLanguage\":\"en-GB\",\"@id\":\"https:\/\/bnwburger.com\/#\/schema\/logo\/image\/\",\"url\":\"https:\/\/bnwburger.com\/wp-content\/uploads\/2024\/01\/Fichier-1@2x.png\",\"contentUrl\":\"https:\/\/bnwburger.com\/wp-content\/uploads\/2024\/01\/Fichier-1@2x.png\",\"width\":2091,\"height\":868,\"caption\":\"Black and White Burger\"},\"image\":{\"@id\":\"https:\/\/bnwburger.com\/#\/schema\/logo\/image\/\"},\"sameAs\":[\"https:\/\/www.facebook.com\/blacknwhiteburger\"]}]}<\/script>\n<!-- \/ Yoast SEO plugin. -->","yoast_head_json":{"title":"Notre concept - Black and White Burger","robots":{"index":"index","follow":"follow","max-snippet":"max-snippet:-1","max-image-preview":"max-image-preview:large","max-video-preview":"max-video-preview:-1"},"canonical":"https:\/\/bnwburger.com\/en\/notre-concept\/","og_locale":"en_GB","og_type":"article","og_title":"Notre concept - Black and White Burger","og_description":"Notre concept LE D\u00c9BUT DE L&rsquo;HISTOIRE Black &amp; White Burger est le ph\u00e9nom\u00e8ne burger imagin\u00e9 et cr\u00e9\u00e9 par Ibraguim Tsetchoev, plus connu sous le nom de Ibra TV, et son partenaire Djam, les c\u00e9l\u00e8bres YouTubeurs comptant plus de7,5 millions d\u2019abonn\u00e9s sur \u2028les r\u00e9seaux sociaux ! Cr\u00e9er des burgers uniques et offrir une exp\u00e9rience gustative et [&hellip;]","og_url":"https:\/\/bnwburger.com\/en\/notre-concept\/","og_site_name":"Black and White Burger","article_publisher":"https:\/\/www.facebook.com\/blacknwhiteburger","article_modified_time":"2025-09-15T15:18:33+00:00","og_image":[{"url":"https:\/\/bnwburger.com\/wp-content\/uploads\/2024\/03\/Group-9918.webp"}],"twitter_card":"summary_large_image","twitter_misc":{"Estimated reading time":"2 minutes"},"schema":{"@context":"https:\/\/schema.org","@graph":[{"@type":"WebPage","@id":"https:\/\/bnwburger.com\/notre-concept\/","url":"https:\/\/bnwburger.com\/notre-concept\/","name":"Notre concept - Black and White Burger","isPartOf":{"@id":"https:\/\/bnwburger.com\/#website"},"primaryImageOfPage":{"@id":"https:\/\/bnwburger.com\/notre-concept\/#primaryimage"},"image":{"@id":"https:\/\/bnwburger.com\/notre-concept\/#primaryimage"},"thumbnailUrl":"https:\/\/bnwburger.com\/wp-content\/uploads\/2024\/03\/Group-9918.webp","datePublished":"2024-01-17T12:31:58+00:00","dateModified":"2025-09-15T15:18:33+00:00","breadcrumb":{"@id":"https:\/\/bnwburger.com\/notre-concept\/#breadcrumb"},"inLanguage":"en-GB","potentialAction":[{"@type":"ReadAction","target":["https:\/\/bnwburger.com\/notre-concept\/"]}]},{"@type":"ImageObject","inLanguage":"en-GB","@id":"https:\/\/bnwburger.com\/notre-concept\/#primaryimage","url":"https:\/\/bnwburger.com\/wp-content\/uploads\/2024\/03\/Group-9918.webp","contentUrl":"https:\/\/bnwburger.com\/wp-content\/uploads\/2024\/03\/Group-9918.webp"},{"@type":"BreadcrumbList","@id":"https:\/\/bnwburger.com\/notre-concept\/#breadcrumb","itemListElement":[{"@type":"ListItem","position":1,"name":"Accueil","item":"https:\/\/bnwburger.com\/"},{"@type":"ListItem","position":2,"name":"Notre concept"}]},{"@type":"WebSite","@id":"https:\/\/bnwburger.com\/#website","url":"https:\/\/bnwburger.com\/","name":"Black and White Burger","description":"Not a burger, a vogue","publisher":{"@id":"https:\/\/bnwburger.com\/#organization"},"potentialAction":[{"@type":"SearchAction","target":{"@type":"EntryPoint","urlTemplate":"https:\/\/bnwburger.com\/?s={search_term_string}"},"query-input":"required name=search_term_string"}],"inLanguage":"en-GB"},{"@type":"Organization","@id":"https:\/\/bnwburger.com\/#organization","name":"Black and White Burger","url":"https:\/\/bnwburger.com\/","logo":{"@type":"ImageObject","inLanguage":"en-GB","@id":"https:\/\/bnwburger.com\/#\/schema\/logo\/image\/","url":"https:\/\/bnwburger.com\/wp-content\/uploads\/2024\/01\/Fichier-1@2x.png","contentUrl":"https:\/\/bnwburger.com\/wp-content\/uploads\/2024\/01\/Fichier-1@2x.png","width":2091,"height":868,"caption":"Black and White Burger"},"image":{"@id":"https:\/\/bnwburger.com\/#\/schema\/logo\/image\/"},"sameAs":["https:\/\/www.facebook.com\/blacknwhiteburger"]}]}},"_links":{"self":[{"href":"https:\/\/bnwburger.com\/en\/wp-json\/wp\/v2\/pages\/75"}],"collection":[{"href":"https:\/\/bnwburger.com\/en\/wp-json\/wp\/v2\/pages"}],"about":[{"href":"https:\/\/bnwburger.com\/en\/wp-json\/wp\/v2\/types\/page"}],"author":[{"embeddable":true,"href":"https:\/\/bnwburger.com\/en\/wp-json\/wp\/v2\/users\/1"}],"replies":[{"embeddable":true,"href":"https:\/\/bnwburger.com\/en\/wp-json\/wp\/v2\/comments?post=75"}],"version-history":[{"count":9,"href":"https:\/\/bnwburger.com\/en\/wp-json\/wp\/v2\/pages\/75\/revisions"}],"predecessor-version":[{"id":3847,"href":"https:\/\/bnwburger.com\/en\/wp-json\/wp\/v2\/pages\/75\/revisions\/3847"}],"wp:attachment":[{"href":"https:\/\/bnwburger.com\/en\/wp-json\/wp\/v2\/media?parent=75"}],"curies":[{"name":"wp","href":"https:\/\/api.w.org\/{rel}","templated":true}]}}