{"id":4099,"date":"2025-10-31T10:30:00","date_gmt":"2025-10-31T09:30:00","guid":{"rendered":"https:\/\/bnwburger.com\/?page_id=4099"},"modified":"2025-11-24T15:23:32","modified_gmt":"2025-11-24T14:23:32","slug":"programme-de-fidelite","status":"publish","type":"page","link":"https:\/\/bnwburger.com\/en\/programme-de-fidelite\/","title":{"rendered":"Loyalty programme"},"content":{"rendered":"<div data-elementor-type=\"wp-page\" data-elementor-id=\"4099\" class=\"elementor elementor-4099\" data-elementor-post-type=\"page\">\n\t\t\t\t\t\t<section class=\"elementor-section elementor-top-section elementor-element elementor-element-2bf5afb elementor-section-boxed elementor-section-height-default elementor-section-height-default\" data-id=\"2bf5afb\" data-element_type=\"section\">\n\t\t\t\t\t\t<div class=\"elementor-container elementor-column-gap-default\">\n\t\t\t\t\t<div class=\"elementor-column elementor-col-100 elementor-top-column elementor-element elementor-element-b8b6bee\" data-id=\"b8b6bee\" data-element_type=\"column\">\n\t\t\t<div class=\"elementor-widget-wrap elementor-element-populated\">\n\t\t\t\t\t\t<div class=\"elementor-element elementor-element-6f09cb23 elementor-widget elementor-widget-heading\" data-id=\"6f09cb23\" data-element_type=\"widget\" data-widget_type=\"heading.default\">\n\t\t\t\t<div class=\"elementor-widget-container\">\n\t\t\t<style>\/*! elementor - v3.23.0 - 05-08-2024 *\/\n.elementor-heading-title{padding:0;margin:0;line-height:1}.elementor-widget-heading .elementor-heading-title[class*=elementor-size-]>a{color:inherit;font-size:inherit;line-height:inherit}.elementor-widget-heading .elementor-heading-title.elementor-size-small{font-size:15px}.elementor-widget-heading .elementor-heading-title.elementor-size-medium{font-size:19px}.elementor-widget-heading .elementor-heading-title.elementor-size-large{font-size:29px}.elementor-widget-heading .elementor-heading-title.elementor-size-xl{font-size:39px}.elementor-widget-heading .elementor-heading-title.elementor-size-xxl{font-size:59px}<\/style><h2 class=\"elementor-heading-title elementor-size-default\">BLACK LOYALTY<\/h2>\t\t<\/div>\n\t\t\t\t<\/div>\n\t\t\t\t\t<\/div>\n\t\t<\/div>\n\t\t\t\t\t<\/div>\n\t\t<\/section>\n\t\t\t\t<section class=\"elementor-section elementor-top-section elementor-element elementor-element-7732d44 elementor-section-content-middle elementor-section-boxed elementor-section-height-default elementor-section-height-default\" data-id=\"7732d44\" data-element_type=\"section\" data-settings=\"{&quot;background_background&quot;:&quot;classic&quot;}\">\n\t\t\t\t\t\t<div class=\"elementor-container elementor-column-gap-wider\">\n\t\t\t\t\t<div class=\"elementor-column elementor-col-50 elementor-top-column elementor-element elementor-element-4c74baa\" data-id=\"4c74baa\" data-element_type=\"column\">\n\t\t\t<div class=\"elementor-widget-wrap elementor-element-populated\">\n\t\t\t\t\t\t<div class=\"elementor-element elementor-element-bcc6685 elementor-widget elementor-widget-image\" data-id=\"bcc6685\" data-element_type=\"widget\" data-widget_type=\"image.default\">\n\t\t\t\t<div class=\"elementor-widget-container\">\n\t\t\t\t\t\t\t\t\t\t\t\t\t<img fetchpriority=\"high\" decoding=\"async\" width=\"1440\" height=\"700\" src=\"https:\/\/bnwburger.com\/wp-content\/uploads\/2025\/10\/STUDENT-Euro.png\" class=\"attachment-1536x1536 size-1536x1536 wp-image-4069\" alt=\"\" srcset=\"https:\/\/bnwburger.com\/wp-content\/uploads\/2025\/10\/STUDENT-Euro.png 1440w, https:\/\/bnwburger.com\/wp-content\/uploads\/2025\/10\/STUDENT-Euro-300x146.png 300w, https:\/\/bnwburger.com\/wp-content\/uploads\/2025\/10\/STUDENT-Euro-1024x498.png 1024w, https:\/\/bnwburger.com\/wp-content\/uploads\/2025\/10\/STUDENT-Euro-768x373.png 768w, https:\/\/bnwburger.com\/wp-content\/uploads\/2025\/10\/STUDENT-Euro-18x9.png 18w\" sizes=\"(max-width: 1440px) 100vw, 1440px\" \/>\t\t\t\t\t\t\t\t\t\t\t\t\t<\/div>\n\t\t\t\t<\/div>\n\t\t\t\t\t<\/div>\n\t\t<\/div>\n\t\t\t\t<div class=\"elementor-column elementor-col-50 elementor-top-column elementor-element elementor-element-5038ae9\" data-id=\"5038ae9\" data-element_type=\"column\">\n\t\t\t<div class=\"elementor-widget-wrap elementor-element-populated\">\n\t\t\t\t\t\t<div class=\"elementor-element elementor-element-3be64af elementor-widget elementor-widget-heading\" data-id=\"3be64af\" data-element_type=\"widget\" data-widget_type=\"heading.default\">\n\t\t\t\t<div class=\"elementor-widget-container\">\n\t\t\t<h2 class=\"elementor-heading-title elementor-size-default\"><div>Your loyalty programme <\/div><div>a new look \u2728<\/div><div>Simpler, clearer...&nbsp;<\/div><div>and even more generous!<\/div><\/h2>\t\t<\/div>\n\t\t\t\t<\/div>\n\t\t\t\t<div class=\"elementor-element elementor-element-c9c703a elementor-widget elementor-widget-text-editor\" data-id=\"c9c703a\" data-element_type=\"widget\" data-widget_type=\"text-editor.default\">\n\t\t\t\t<div class=\"elementor-widget-container\">\n\t\t\t<style>\/*! elementor - v3.23.0 - 05-08-2024 *\/\n.elementor-widget-text-editor.elementor-drop-cap-view-stacked .elementor-drop-cap{background-color:#69727d;color:#fff}.elementor-widget-text-editor.elementor-drop-cap-view-framed .elementor-drop-cap{color:#69727d;border:3px solid;background-color:transparent}.elementor-widget-text-editor:not(.elementor-drop-cap-view-default) .elementor-drop-cap{margin-top:8px}.elementor-widget-text-editor:not(.elementor-drop-cap-view-default) .elementor-drop-cap-letter{width:1em;height:1em}.elementor-widget-text-editor .elementor-drop-cap{float:left;text-align:center;line-height:1;font-size:50px}.elementor-widget-text-editor .elementor-drop-cap-letter{display:inline-block}<\/style>\t\t\t\tEvery time you make a purchase, your points are automatically accumulated.\n\nUse them whenever you like: on the app, the website or directly at the kiosks in restaurants.\n\nThe more you treat yourself, the more you earn! \ud83d\ude0b<span style=\"color: var( --e-global-color-secondary ); font-family: var( --e-global-typography-accent-font-family ), Sans-serif; font-size: var( --e-global-typography-accent-font-size ); background-color: var( --e-global-color-primary );\">\n<\/span>\n\n<span style=\"color: var( --e-global-color-secondary ); font-family: var( --e-global-typography-accent-font-family ), Sans-serif; background-color: var( --e-global-color-primary );\"><br>Take advantage now!\u00a0<\/span>\t\t\t\t\t\t<\/div>\n\t\t\t\t<\/div>\n\t\t\t\t<div class=\"elementor-element elementor-element-6f3ae12 elementor-align-left elementor-mobile-align-center elementor-widget elementor-widget-button\" data-id=\"6f3ae12\" data-element_type=\"widget\" data-widget_type=\"button.default\">\n\t\t\t\t<div class=\"elementor-widget-container\">\n\t\t\t\t\t<div class=\"elementor-button-wrapper\">\n\t\t\t<a class=\"elementor-button elementor-button-link elementor-size-sm\" href=\"https:\/\/commande.bnwburger.com\/auth\/register\">\n\t\t\t\t\t\t<span class=\"elementor-button-content-wrapper\">\n\t\t\t\t\t\t\t\t\t<span class=\"elementor-button-text\">Sign up here!<\/span>\n\t\t\t\t\t<\/span>\n\t\t\t\t\t<\/a>\n\t\t<\/div>\n\t\t\t\t<\/div>\n\t\t\t\t<\/div>\n\t\t\t\t\t<\/div>\n\t\t<\/div>\n\t\t\t\t\t<\/div>\n\t\t<\/section>\n\t\t\t\t<section class=\"elementor-section elementor-top-section elementor-element elementor-element-5d95f10 elementor-section-boxed elementor-section-height-default elementor-section-height-default\" data-id=\"5d95f10\" data-element_type=\"section\">\n\t\t\t\t\t\t<div class=\"elementor-container elementor-column-gap-default\">\n\t\t\t\t\t<div class=\"elementor-column elementor-col-100 elementor-top-column elementor-element elementor-element-4602e8e\" data-id=\"4602e8e\" data-element_type=\"column\">\n\t\t\t<div class=\"elementor-widget-wrap elementor-element-populated\">\n\t\t\t\t\t\t<div class=\"elementor-element elementor-element-3323174 elementor-widget elementor-widget-heading\" data-id=\"3323174\" data-element_type=\"widget\" data-widget_type=\"heading.default\">\n\t\t\t\t<div class=\"elementor-widget-container\">\n\t\t\t<h2 class=\"elementor-heading-title elementor-size-default\">The rewards<\/h2>\t\t<\/div>\n\t\t\t\t<\/div>\n\t\t\t\t\t<\/div>\n\t\t<\/div>\n\t\t\t\t\t<\/div>\n\t\t<\/section>\n\t\t\t\t<section class=\"elementor-section elementor-top-section elementor-element elementor-element-66ca186 elementor-section-boxed elementor-section-height-default elementor-section-height-default\" data-id=\"66ca186\" data-element_type=\"section\">\n\t\t\t\t\t\t<div class=\"elementor-container elementor-column-gap-default\">\n\t\t\t\t\t<div class=\"elementor-column elementor-col-100 elementor-top-column elementor-element elementor-element-463fbe7\" data-id=\"463fbe7\" data-element_type=\"column\">\n\t\t\t<div class=\"elementor-widget-wrap elementor-element-populated\">\n\t\t\t\t\t\t<div class=\"elementor-element elementor-element-726051f elementor-widget elementor-widget-image\" data-id=\"726051f\" data-element_type=\"widget\" data-widget_type=\"image.default\">\n\t\t\t\t<div class=\"elementor-widget-container\">\n\t\t\t\t\t\t\t\t\t\t\t\t\t<img decoding=\"async\" width=\"800\" height=\"389\" src=\"https:\/\/bnwburger.com\/wp-content\/uploads\/2025\/11\/Banniere-points--1024x498.png\" class=\"attachment-large size-large wp-image-4389\" alt=\"\" srcset=\"https:\/\/bnwburger.com\/wp-content\/uploads\/2025\/11\/Banniere-points--1024x498.png 1024w, https:\/\/bnwburger.com\/wp-content\/uploads\/2025\/11\/Banniere-points--300x146.png 300w, https:\/\/bnwburger.com\/wp-content\/uploads\/2025\/11\/Banniere-points--768x373.png 768w, https:\/\/bnwburger.com\/wp-content\/uploads\/2025\/11\/Banniere-points--18x9.png 18w, https:\/\/bnwburger.com\/wp-content\/uploads\/2025\/11\/Banniere-points-.png 1440w\" sizes=\"(max-width: 800px) 100vw, 800px\" \/>\t\t\t\t\t\t\t\t\t\t\t\t\t<\/div>\n\t\t\t\t<\/div>\n\t\t\t\t\t<\/div>\n\t\t<\/div>\n\t\t\t\t\t<\/div>\n\t\t<\/section>\n\t\t\t\t<section class=\"elementor-section elementor-top-section elementor-element elementor-element-828c2a1 elementor-section-boxed elementor-section-height-default elementor-section-height-default\" data-id=\"828c2a1\" data-element_type=\"section\">\n\t\t\t\t\t\t<div class=\"elementor-container elementor-column-gap-default\">\n\t\t\t\t\t<div class=\"elementor-column elementor-col-100 elementor-top-column elementor-element elementor-element-4ad841f\" data-id=\"4ad841f\" data-element_type=\"column\">\n\t\t\t<div class=\"elementor-widget-wrap elementor-element-populated\">\n\t\t\t\t\t\t<div class=\"elementor-element elementor-element-5e81ccf elementor-widget elementor-widget-heading\" data-id=\"5e81ccf\" data-element_type=\"widget\" data-widget_type=\"heading.default\">\n\t\t\t\t<div class=\"elementor-widget-container\">\n\t\t\t<h2 class=\"elementor-heading-title elementor-size-default\">Points expire on 1 January each year, with a maximum of 130 points from the date of purchase of 5 points.<\/h2>\t\t<\/div>\n\t\t\t\t<\/div>\n\t\t\t\t\t<\/div>\n\t\t<\/div>\n\t\t\t\t\t<\/div>\n\t\t<\/section>\n\t\t\t\t<section class=\"elementor-section elementor-top-section elementor-element elementor-element-db50dc7 elementor-section-boxed elementor-section-height-default elementor-section-height-default\" data-id=\"db50dc7\" data-element_type=\"section\">\n\t\t\t\t\t\t<div class=\"elementor-container elementor-column-gap-default\">\n\t\t\t\t\t<div class=\"elementor-column elementor-col-50 elementor-top-column elementor-element elementor-element-9cd54f8\" data-id=\"9cd54f8\" data-element_type=\"column\">\n\t\t\t<div class=\"elementor-widget-wrap elementor-element-populated\">\n\t\t\t\t\t\t<div class=\"elementor-element elementor-element-63ea5f3 elementor-widget elementor-widget-image\" data-id=\"63ea5f3\" data-element_type=\"widget\" data-widget_type=\"image.default\">\n\t\t\t\t<div class=\"elementor-widget-container\">\n\t\t\t\t\t\t\t\t\t\t\t\t\t<img decoding=\"async\" src=\"https:\/\/bnwburger.com\/wp-content\/uploads\/elementor\/thumbs\/APP-BW-re0gx0ks7payvlok1qpkc74qagcubza7e97xn0b7dg.png\" title=\"APP BW\" alt=\"APP BW\" loading=\"lazy\" \/>\t\t\t\t\t\t\t\t\t\t\t\t\t<\/div>\n\t\t\t\t<\/div>\n\t\t\t\t\t<\/div>\n\t\t<\/div>\n\t\t\t\t<div class=\"elementor-column elementor-col-50 elementor-top-column elementor-element elementor-element-88a8c43\" data-id=\"88a8c43\" data-element_type=\"column\">\n\t\t\t<div class=\"elementor-widget-wrap elementor-element-populated\">\n\t\t\t\t\t\t<div class=\"elementor-element elementor-element-2215364 elementor-widget elementor-widget-text-editor\" data-id=\"2215364\" data-element_type=\"widget\" data-widget_type=\"text-editor.default\">\n\t\t\t\t<div class=\"elementor-widget-container\">\n\t\t\t\t\t\t\t<h3><span style=\"background-color: var( --e-global-color-primary ); color: var( --e-global-color-secondary ); font-family: Anton, sans-serif; text-transform: uppercase;\">Download the Black &amp; white app!<\/span><\/h3>\t\t\t\t\t\t<\/div>\n\t\t\t\t<\/div>\n\t\t\t\t<div class=\"elementor-element elementor-element-de0d351 elementor-widget elementor-widget-text-editor\" data-id=\"de0d351\" data-element_type=\"widget\" data-widget_type=\"text-editor.default\">\n\t\t\t\t<div class=\"elementor-widget-container\">\n\t\t\t\t\t\t\t<p><strong>Tasty burgers, gourmet rewards!\u00a0<\/strong><\/p><p>Special offer reserved for app users\u00a0<\/p><p>Find out more about our not-to-be-missed loyalty programme<\/p>\t\t\t\t\t\t<\/div>\n\t\t\t\t<\/div>\n\t\t\t\t<div class=\"elementor-element elementor-element-40030cc elementor-align-left elementor-mobile-align-center elementor-widget elementor-widget-button\" data-id=\"40030cc\" data-element_type=\"widget\" data-widget_type=\"button.default\">\n\t\t\t\t<div class=\"elementor-widget-container\">\n\t\t\t\t\t<div class=\"elementor-button-wrapper\">\n\t\t\t<a class=\"elementor-button elementor-button-link elementor-size-sm\" href=\"https:\/\/bnwburger.com\/en\/application-mobile\/\">\n\t\t\t\t\t\t<span class=\"elementor-button-content-wrapper\">\n\t\t\t\t\t\t\t\t\t<span class=\"elementor-button-text\">Download the app here!<\/span>\n\t\t\t\t\t<\/span>\n\t\t\t\t\t<\/a>\n\t\t<\/div>\n\t\t\t\t<\/div>\n\t\t\t\t<\/div>\n\t\t\t\t\t<\/div>\n\t\t<\/div>\n\t\t\t\t\t<\/div>\n\t\t<\/section>\n\t\t\t\t<\/div>","protected":false},"excerpt":{"rendered":"<p>BLACK LOYALTY Your loyalty programme has a new look \u2728Simpler, clearer... and even more generous! With every purchase, your points accumulate automatically. Use them whenever you want: on the app, the website or directly on the kiosks in restaurants. The more you treat yourself, the more you earn! \ud83d\ude0b Take advantage now!  Sign up [...]<\/p>","protected":false},"author":5,"featured_media":0,"parent":0,"menu_order":0,"comment_status":"closed","ping_status":"closed","template":"elementor_header_footer","meta":{"footnotes":""},"yoast_head":"<!-- This site is optimized with the Yoast SEO plugin v23.0 - https:\/\/yoast.com\/wordpress\/plugins\/seo\/ -->\n<title>Programme de fid\u00e9lit\u00e9 - Black and White Burger<\/title>\n<meta name=\"description\" content=\"Rejoignez notre programme de fid\u00e9lit\u00e9 et profitez de r\u00e9compenses exclusives, d\u2019avantages personnalis\u00e9s et d\u2019offres sp\u00e9ciales tout au long de l\u2019ann\u00e9e.\" \/>\n<meta name=\"robots\" content=\"index, follow, max-snippet:-1, max-image-preview:large, max-video-preview:-1\" \/>\n<link rel=\"canonical\" href=\"https:\/\/bnwburger.com\/en\/programme-de-fidelite\/\" \/>\n<meta property=\"og:locale\" content=\"en_GB\" \/>\n<meta property=\"og:type\" content=\"article\" \/>\n<meta property=\"og:title\" content=\"Programme de fid\u00e9lit\u00e9 - Black and White Burger\" \/>\n<meta property=\"og:description\" content=\"Rejoignez notre programme de fid\u00e9lit\u00e9 et profitez de r\u00e9compenses exclusives, d\u2019avantages personnalis\u00e9s et d\u2019offres sp\u00e9ciales tout au long de l\u2019ann\u00e9e.\" \/>\n<meta property=\"og:url\" content=\"https:\/\/bnwburger.com\/en\/programme-de-fidelite\/\" \/>\n<meta property=\"og:site_name\" content=\"Black and White Burger\" \/>\n<meta property=\"article:publisher\" content=\"https:\/\/www.facebook.com\/blacknwhiteburger\" \/>\n<meta property=\"article:modified_time\" content=\"2025-11-24T14:23:32+00:00\" \/>\n<meta property=\"og:image\" content=\"https:\/\/bnwburger.com\/wp-content\/uploads\/2025\/10\/STUDENT-Euro.png\" \/>\n<meta name=\"twitter:card\" content=\"summary_large_image\" \/>\n<meta name=\"twitter:label1\" content=\"Estimated reading time\" \/>\n\t<meta name=\"twitter:data1\" content=\"2 minutes\" \/>\n<script type=\"application\/ld+json\" class=\"yoast-schema-graph\">{\"@context\":\"https:\/\/schema.org\",\"@graph\":[{\"@type\":\"WebPage\",\"@id\":\"https:\/\/bnwburger.com\/programme-de-fidelite\/\",\"url\":\"https:\/\/bnwburger.com\/programme-de-fidelite\/\",\"name\":\"Programme de fid\u00e9lit\u00e9 - Black and White Burger\",\"isPartOf\":{\"@id\":\"https:\/\/bnwburger.com\/#website\"},\"primaryImageOfPage\":{\"@id\":\"https:\/\/bnwburger.com\/programme-de-fidelite\/#primaryimage\"},\"image\":{\"@id\":\"https:\/\/bnwburger.com\/programme-de-fidelite\/#primaryimage\"},\"thumbnailUrl\":\"https:\/\/bnwburger.com\/wp-content\/uploads\/2025\/10\/STUDENT-Euro.png\",\"datePublished\":\"2025-10-31T09:30:00+00:00\",\"dateModified\":\"2025-11-24T14:23:32+00:00\",\"description\":\"Rejoignez notre programme de fid\u00e9lit\u00e9 et profitez de r\u00e9compenses exclusives, d\u2019avantages personnalis\u00e9s et d\u2019offres sp\u00e9ciales tout au long de l\u2019ann\u00e9e.\",\"breadcrumb\":{\"@id\":\"https:\/\/bnwburger.com\/programme-de-fidelite\/#breadcrumb\"},\"inLanguage\":\"en-GB\",\"potentialAction\":[{\"@type\":\"ReadAction\",\"target\":[\"https:\/\/bnwburger.com\/programme-de-fidelite\/\"]}]},{\"@type\":\"ImageObject\",\"inLanguage\":\"en-GB\",\"@id\":\"https:\/\/bnwburger.com\/programme-de-fidelite\/#primaryimage\",\"url\":\"https:\/\/bnwburger.com\/wp-content\/uploads\/2025\/10\/STUDENT-Euro.png\",\"contentUrl\":\"https:\/\/bnwburger.com\/wp-content\/uploads\/2025\/10\/STUDENT-Euro.png\"},{\"@type\":\"BreadcrumbList\",\"@id\":\"https:\/\/bnwburger.com\/programme-de-fidelite\/#breadcrumb\",\"itemListElement\":[{\"@type\":\"ListItem\",\"position\":1,\"name\":\"Accueil\",\"item\":\"https:\/\/bnwburger.com\/\"},{\"@type\":\"ListItem\",\"position\":2,\"name\":\"Programme de fid\u00e9lit\u00e9\"}]},{\"@type\":\"WebSite\",\"@id\":\"https:\/\/bnwburger.com\/#website\",\"url\":\"https:\/\/bnwburger.com\/\",\"name\":\"Black and White Burger\",\"description\":\"Not a burger, a vogue\",\"publisher\":{\"@id\":\"https:\/\/bnwburger.com\/#organization\"},\"potentialAction\":[{\"@type\":\"SearchAction\",\"target\":{\"@type\":\"EntryPoint\",\"urlTemplate\":\"https:\/\/bnwburger.com\/?s={search_term_string}\"},\"query-input\":\"required name=search_term_string\"}],\"inLanguage\":\"en-GB\"},{\"@type\":\"Organization\",\"@id\":\"https:\/\/bnwburger.com\/#organization\",\"name\":\"Black and White Burger\",\"url\":\"https:\/\/bnwburger.com\/\",\"logo\":{\"@type\":\"ImageObject\",\"inLanguage\":\"en-GB\",\"@id\":\"https:\/\/bnwburger.com\/#\/schema\/logo\/image\/\",\"url\":\"https:\/\/bnwburger.com\/wp-content\/uploads\/2024\/01\/Fichier-1@2x.png\",\"contentUrl\":\"https:\/\/bnwburger.com\/wp-content\/uploads\/2024\/01\/Fichier-1@2x.png\",\"width\":2091,\"height\":868,\"caption\":\"Black and White Burger\"},\"image\":{\"@id\":\"https:\/\/bnwburger.com\/#\/schema\/logo\/image\/\"},\"sameAs\":[\"https:\/\/www.facebook.com\/blacknwhiteburger\"]}]}<\/script>\n<!-- \/ Yoast SEO plugin. -->","yoast_head_json":{"title":"Programme de fid\u00e9lit\u00e9 - Black and White Burger","description":"Rejoignez notre programme de fid\u00e9lit\u00e9 et profitez de r\u00e9compenses exclusives, d\u2019avantages personnalis\u00e9s et d\u2019offres sp\u00e9ciales tout au long de l\u2019ann\u00e9e.","robots":{"index":"index","follow":"follow","max-snippet":"max-snippet:-1","max-image-preview":"max-image-preview:large","max-video-preview":"max-video-preview:-1"},"canonical":"https:\/\/bnwburger.com\/en\/programme-de-fidelite\/","og_locale":"en_GB","og_type":"article","og_title":"Programme de fid\u00e9lit\u00e9 - Black and White Burger","og_description":"Rejoignez notre programme de fid\u00e9lit\u00e9 et profitez de r\u00e9compenses exclusives, d\u2019avantages personnalis\u00e9s et d\u2019offres sp\u00e9ciales tout au long de l\u2019ann\u00e9e.","og_url":"https:\/\/bnwburger.com\/en\/programme-de-fidelite\/","og_site_name":"Black and White Burger","article_publisher":"https:\/\/www.facebook.com\/blacknwhiteburger","article_modified_time":"2025-11-24T14:23:32+00:00","og_image":[{"url":"https:\/\/bnwburger.com\/wp-content\/uploads\/2025\/10\/STUDENT-Euro.png"}],"twitter_card":"summary_large_image","twitter_misc":{"Estimated reading time":"2 minutes"},"schema":{"@context":"https:\/\/schema.org","@graph":[{"@type":"WebPage","@id":"https:\/\/bnwburger.com\/programme-de-fidelite\/","url":"https:\/\/bnwburger.com\/programme-de-fidelite\/","name":"Programme de fid\u00e9lit\u00e9 - Black and White Burger","isPartOf":{"@id":"https:\/\/bnwburger.com\/#website"},"primaryImageOfPage":{"@id":"https:\/\/bnwburger.com\/programme-de-fidelite\/#primaryimage"},"image":{"@id":"https:\/\/bnwburger.com\/programme-de-fidelite\/#primaryimage"},"thumbnailUrl":"https:\/\/bnwburger.com\/wp-content\/uploads\/2025\/10\/STUDENT-Euro.png","datePublished":"2025-10-31T09:30:00+00:00","dateModified":"2025-11-24T14:23:32+00:00","description":"Rejoignez notre programme de fid\u00e9lit\u00e9 et profitez de r\u00e9compenses exclusives, d\u2019avantages personnalis\u00e9s et d\u2019offres sp\u00e9ciales tout au long de l\u2019ann\u00e9e.","breadcrumb":{"@id":"https:\/\/bnwburger.com\/programme-de-fidelite\/#breadcrumb"},"inLanguage":"en-GB","potentialAction":[{"@type":"ReadAction","target":["https:\/\/bnwburger.com\/programme-de-fidelite\/"]}]},{"@type":"ImageObject","inLanguage":"en-GB","@id":"https:\/\/bnwburger.com\/programme-de-fidelite\/#primaryimage","url":"https:\/\/bnwburger.com\/wp-content\/uploads\/2025\/10\/STUDENT-Euro.png","contentUrl":"https:\/\/bnwburger.com\/wp-content\/uploads\/2025\/10\/STUDENT-Euro.png"},{"@type":"BreadcrumbList","@id":"https:\/\/bnwburger.com\/programme-de-fidelite\/#breadcrumb","itemListElement":[{"@type":"ListItem","position":1,"name":"Accueil","item":"https:\/\/bnwburger.com\/"},{"@type":"ListItem","position":2,"name":"Programme de fid\u00e9lit\u00e9"}]},{"@type":"WebSite","@id":"https:\/\/bnwburger.com\/#website","url":"https:\/\/bnwburger.com\/","name":"Black and White Burger","description":"Not a burger, a vogue","publisher":{"@id":"https:\/\/bnwburger.com\/#organization"},"potentialAction":[{"@type":"SearchAction","target":{"@type":"EntryPoint","urlTemplate":"https:\/\/bnwburger.com\/?s={search_term_string}"},"query-input":"required name=search_term_string"}],"inLanguage":"en-GB"},{"@type":"Organization","@id":"https:\/\/bnwburger.com\/#organization","name":"Black and White Burger","url":"https:\/\/bnwburger.com\/","logo":{"@type":"ImageObject","inLanguage":"en-GB","@id":"https:\/\/bnwburger.com\/#\/schema\/logo\/image\/","url":"https:\/\/bnwburger.com\/wp-content\/uploads\/2024\/01\/Fichier-1@2x.png","contentUrl":"https:\/\/bnwburger.com\/wp-content\/uploads\/2024\/01\/Fichier-1@2x.png","width":2091,"height":868,"caption":"Black and White Burger"},"image":{"@id":"https:\/\/bnwburger.com\/#\/schema\/logo\/image\/"},"sameAs":["https:\/\/www.facebook.com\/blacknwhiteburger"]}]}},"_links":{"self":[{"href":"https:\/\/bnwburger.com\/en\/wp-json\/wp\/v2\/pages\/4099"}],"collection":[{"href":"https:\/\/bnwburger.com\/en\/wp-json\/wp\/v2\/pages"}],"about":[{"href":"https:\/\/bnwburger.com\/en\/wp-json\/wp\/v2\/types\/page"}],"author":[{"embeddable":true,"href":"https:\/\/bnwburger.com\/en\/wp-json\/wp\/v2\/users\/5"}],"replies":[{"embeddable":true,"href":"https:\/\/bnwburger.com\/en\/wp-json\/wp\/v2\/comments?post=4099"}],"version-history":[{"count":86,"href":"https:\/\/bnwburger.com\/en\/wp-json\/wp\/v2\/pages\/4099\/revisions"}],"predecessor-version":[{"id":4448,"href":"https:\/\/bnwburger.com\/en\/wp-json\/wp\/v2\/pages\/4099\/revisions\/4448"}],"wp:attachment":[{"href":"https:\/\/bnwburger.com\/en\/wp-json\/wp\/v2\/media?parent=4099"}],"curies":[{"name":"wp","href":"https:\/\/api.w.org\/{rel}","templated":true}]}}