{"id":3916,"date":"2025-10-06T14:52:53","date_gmt":"2025-10-06T12:52:53","guid":{"rendered":"https:\/\/bnwburger.com\/?page_id=3916"},"modified":"2025-11-24T15:22:05","modified_gmt":"2025-11-24T14:22:05","slug":"application-mobile","status":"publish","type":"page","link":"https:\/\/bnwburger.com\/en\/application-mobile\/","title":{"rendered":"Mobile application"},"content":{"rendered":"<div data-elementor-type=\"wp-page\" data-elementor-id=\"3916\" class=\"elementor elementor-3916\" data-elementor-post-type=\"page\">\n\t\t\t\t\t\t<section class=\"elementor-section elementor-top-section elementor-element elementor-element-2bf5afb elementor-section-boxed elementor-section-height-default elementor-section-height-default\" data-id=\"2bf5afb\" data-element_type=\"section\">\n\t\t\t\t\t\t<div class=\"elementor-container elementor-column-gap-default\">\n\t\t\t\t\t<div class=\"elementor-column elementor-col-100 elementor-top-column elementor-element elementor-element-b8b6bee\" data-id=\"b8b6bee\" data-element_type=\"column\">\n\t\t\t<div class=\"elementor-widget-wrap elementor-element-populated\">\n\t\t\t\t\t\t<div class=\"elementor-element elementor-element-6f09cb23 elementor-widget elementor-widget-heading\" data-id=\"6f09cb23\" data-element_type=\"widget\" data-widget_type=\"heading.default\">\n\t\t\t\t<div class=\"elementor-widget-container\">\n\t\t\t<style>\/*! elementor - v3.23.0 - 05-08-2024 *\/\n.elementor-heading-title{padding:0;margin:0;line-height:1}.elementor-widget-heading .elementor-heading-title[class*=elementor-size-]>a{color:inherit;font-size:inherit;line-height:inherit}.elementor-widget-heading .elementor-heading-title.elementor-size-small{font-size:15px}.elementor-widget-heading .elementor-heading-title.elementor-size-medium{font-size:19px}.elementor-widget-heading .elementor-heading-title.elementor-size-large{font-size:29px}.elementor-widget-heading .elementor-heading-title.elementor-size-xl{font-size:39px}.elementor-widget-heading .elementor-heading-title.elementor-size-xxl{font-size:59px}<\/style><h3 class=\"elementor-heading-title elementor-size-default\"> DISCOVER OUR APPLICATION <\/h3>\t\t<\/div>\n\t\t\t\t<\/div>\n\t\t\t\t\t<\/div>\n\t\t<\/div>\n\t\t\t\t\t<\/div>\n\t\t<\/section>\n\t\t\t\t<section class=\"elementor-section elementor-top-section elementor-element elementor-element-7732d44 elementor-section-content-middle elementor-section-boxed elementor-section-height-default elementor-section-height-default\" data-id=\"7732d44\" data-element_type=\"section\" data-settings=\"{&quot;background_background&quot;:&quot;classic&quot;}\">\n\t\t\t\t\t\t<div class=\"elementor-container elementor-column-gap-wider\">\n\t\t\t\t\t<div class=\"elementor-column elementor-col-50 elementor-top-column elementor-element elementor-element-4c74baa\" data-id=\"4c74baa\" data-element_type=\"column\">\n\t\t\t<div class=\"elementor-widget-wrap elementor-element-populated\">\n\t\t\t\t\t\t<div class=\"elementor-element elementor-element-bcc6685 elementor-widget elementor-widget-image\" data-id=\"bcc6685\" data-element_type=\"widget\" data-widget_type=\"image.default\">\n\t\t\t\t<div class=\"elementor-widget-container\">\n\t\t\t\t\t\t\t\t\t\t\t\t\t<img fetchpriority=\"high\" decoding=\"async\" width=\"1536\" height=\"1536\" src=\"https:\/\/bnwburger.com\/wp-content\/uploads\/2025\/10\/APP-BW-1536x1536.png\" class=\"attachment-1536x1536 size-1536x1536 wp-image-4102\" alt=\"\" srcset=\"https:\/\/bnwburger.com\/wp-content\/uploads\/2025\/10\/APP-BW-1536x1536.png 1536w, https:\/\/bnwburger.com\/wp-content\/uploads\/2025\/10\/elementor\/thumbs\/APP-BW-re0gx0kqdx4bglfyfdet62v6qg1eccgmkkc6ewldbs.png 300w, https:\/\/bnwburger.com\/wp-content\/uploads\/2025\/10\/APP-BW-1024x1024.png 1024w, https:\/\/bnwburger.com\/wp-content\/uploads\/2025\/10\/APP-BW-150x150.png 150w, https:\/\/bnwburger.com\/wp-content\/uploads\/2025\/10\/APP-BW-768x768.png 768w, https:\/\/bnwburger.com\/wp-content\/uploads\/2025\/10\/APP-BW-12x12.png 12w, https:\/\/bnwburger.com\/wp-content\/uploads\/2025\/10\/elementor\/thumbs\/APP-BW-re0gx0ktb67rbt0x0rhm8o39825b4k6covcl69qpeg.png 540w, https:\/\/bnwburger.com\/wp-content\/uploads\/2025\/10\/elementor\/thumbs\/APP-BW-re0gx0ks3bfbpsv6lumg4l8w6pxogsymt2rf0v9hdc.png 440w, https:\/\/bnwburger.com\/wp-content\/uploads\/2025\/10\/elementor\/thumbs\/APP-BW-re0gx0ku1hhmalx5o40bibe9ugoabm3s7y3ov411f4.png 600w, https:\/\/bnwburger.com\/wp-content\/uploads\/2025\/10\/elementor\/thumbs\/APP-BW-re0gx0ktfk3ehluagnkqg9z3bskgzqhxa1t3sesfek.png 550w, https:\/\/bnwburger.com\/wp-content\/uploads\/2025\/10\/elementor\/thumbs\/APP-BW-re0gx0krlrwr2lloua9za5pjrs9103ocgcxckb2lcw.png 400w, https:\/\/bnwburger.com\/wp-content\/uploads\/2025\/10\/elementor\/thumbs\/APP-BW-re0gx0ks7payvlok1qpkc74qagcubza7e97xn0b7dg.png 450w, https:\/\/bnwburger.com\/wp-content\/uploads\/2025\/10\/elementor\/thumbs\/APP-BW-re0gx0kqzuij9litmtue84ad9457o82higmrhltzcc.png 350w, https:\/\/bnwburger.com\/wp-content\/uploads\/2025\/10\/elementor\/thumbs\/APP-BW-re0gx0kprzq3nld37wz841g07rxl0gurmo1lc7crb8.png 250w, https:\/\/bnwburger.com\/wp-content\/uploads\/2025\/10\/APP-BW.png 2000w\" sizes=\"(max-width: 1536px) 100vw, 1536px\" \/>\t\t\t\t\t\t\t\t\t\t\t\t\t<\/div>\n\t\t\t\t<\/div>\n\t\t\t\t\t<\/div>\n\t\t<\/div>\n\t\t\t\t<div class=\"elementor-column elementor-col-50 elementor-top-column elementor-element elementor-element-5038ae9\" data-id=\"5038ae9\" data-element_type=\"column\">\n\t\t\t<div class=\"elementor-widget-wrap elementor-element-populated\">\n\t\t\t\t\t\t<div class=\"elementor-element elementor-element-3be64af elementor-widget elementor-widget-heading\" data-id=\"3be64af\" data-element_type=\"widget\" data-widget_type=\"heading.default\">\n\t\t\t\t<div class=\"elementor-widget-container\">\n\t\t\t<h2 class=\"elementor-heading-title elementor-size-default\"><div>Download the application&nbsp;<\/div><div>the greediest<br>from the blind!<\/div><\/h2>\t\t<\/div>\n\t\t\t\t<\/div>\n\t\t\t\t<div class=\"elementor-element elementor-element-c9c703a elementor-widget elementor-widget-text-editor\" data-id=\"c9c703a\" data-element_type=\"widget\" data-widget_type=\"text-editor.default\">\n\t\t\t\t<div class=\"elementor-widget-container\">\n\t\t\t<style>\/*! elementor - v3.23.0 - 05-08-2024 *\/\n.elementor-widget-text-editor.elementor-drop-cap-view-stacked .elementor-drop-cap{background-color:#69727d;color:#fff}.elementor-widget-text-editor.elementor-drop-cap-view-framed .elementor-drop-cap{color:#69727d;border:3px solid;background-color:transparent}.elementor-widget-text-editor:not(.elementor-drop-cap-view-default) .elementor-drop-cap{margin-top:8px}.elementor-widget-text-editor:not(.elementor-drop-cap-view-default) .elementor-drop-cap-letter{width:1em;height:1em}.elementor-widget-text-editor .elementor-drop-cap{float:left;text-align:center;line-height:1;font-size:50px}.elementor-widget-text-editor .elementor-drop-cap-letter{display:inline-block}<\/style>\t\t\t\t<p>Join the Black &amp; White Burger app to benefit from an exclusive offer and our loyalty programme!<\/p>\t\t\t\t\t\t<\/div>\n\t\t\t\t<\/div>\n\t\t\t\t<section class=\"elementor-section elementor-inner-section elementor-element elementor-element-c23127a elementor-section-boxed elementor-section-height-default elementor-section-height-default\" data-id=\"c23127a\" data-element_type=\"section\">\n\t\t\t\t\t\t<div class=\"elementor-container elementor-column-gap-default\">\n\t\t\t\t\t<div class=\"elementor-column elementor-col-50 elementor-inner-column elementor-element elementor-element-e63bf55\" data-id=\"e63bf55\" data-element_type=\"column\">\n\t\t\t<div class=\"elementor-widget-wrap elementor-element-populated\">\n\t\t\t\t\t\t<div class=\"elementor-element elementor-element-8f63db4 elementor-widget elementor-widget-image\" data-id=\"8f63db4\" data-element_type=\"widget\" data-widget_type=\"image.default\">\n\t\t\t\t<div class=\"elementor-widget-container\">\n\t\t\t\t\t\t\t\t\t\t\t\t\t\t<a href=\"https:\/\/apps.apple.com\/fr\/app\/black-and-white\/id6670405344\">\n\t\t\t\t\t\t\t<img decoding=\"async\" width=\"768\" height=\"768\" src=\"https:\/\/bnwburger.com\/wp-content\/uploads\/2025\/09\/5-1-2-768x768.png\" class=\"attachment-medium_large size-medium_large wp-image-3889\" alt=\"\" srcset=\"https:\/\/bnwburger.com\/wp-content\/uploads\/2025\/09\/5-1-2-768x768.png 768w, https:\/\/bnwburger.com\/wp-content\/uploads\/2025\/09\/5-1-2-300x300.png 300w, https:\/\/bnwburger.com\/wp-content\/uploads\/2025\/09\/5-1-2-1024x1024.png 1024w, https:\/\/bnwburger.com\/wp-content\/uploads\/2025\/09\/5-1-2-150x150.png 150w, https:\/\/bnwburger.com\/wp-content\/uploads\/2025\/09\/5-1-2-12x12.png 12w, https:\/\/bnwburger.com\/wp-content\/uploads\/2025\/09\/5-1-2.png 1080w\" sizes=\"(max-width: 768px) 100vw, 768px\" \/>\t\t\t\t\t\t\t\t<\/a>\n\t\t\t\t\t\t\t\t\t\t\t\t\t<\/div>\n\t\t\t\t<\/div>\n\t\t\t\t\t<\/div>\n\t\t<\/div>\n\t\t\t\t<div class=\"elementor-column elementor-col-50 elementor-inner-column elementor-element elementor-element-f70f38e\" data-id=\"f70f38e\" data-element_type=\"column\">\n\t\t\t<div class=\"elementor-widget-wrap elementor-element-populated\">\n\t\t\t\t\t\t<div class=\"elementor-element elementor-element-bce7fc7 elementor-widget elementor-widget-image\" data-id=\"bce7fc7\" data-element_type=\"widget\" data-widget_type=\"image.default\">\n\t\t\t\t<div class=\"elementor-widget-container\">\n\t\t\t\t\t\t\t\t\t\t\t\t\t\t<a href=\"https:\/\/play.google.com\/store\/apps\/details?id=com.belorder.blackandwhite&#038;hl=fr&#038;pli=1\">\n\t\t\t\t\t\t\t<img decoding=\"async\" width=\"800\" height=\"800\" src=\"https:\/\/bnwburger.com\/wp-content\/uploads\/2025\/09\/6-3-1024x1024.png\" class=\"attachment-large size-large wp-image-3888\" alt=\"\" srcset=\"https:\/\/bnwburger.com\/wp-content\/uploads\/2025\/09\/6-3-1024x1024.png 1024w, https:\/\/bnwburger.com\/wp-content\/uploads\/2025\/09\/6-3-300x300.png 300w, https:\/\/bnwburger.com\/wp-content\/uploads\/2025\/09\/6-3-150x150.png 150w, https:\/\/bnwburger.com\/wp-content\/uploads\/2025\/09\/6-3-768x768.png 768w, https:\/\/bnwburger.com\/wp-content\/uploads\/2025\/09\/6-3-12x12.png 12w, https:\/\/bnwburger.com\/wp-content\/uploads\/2025\/09\/6-3.png 1080w\" sizes=\"(max-width: 800px) 100vw, 800px\" \/>\t\t\t\t\t\t\t\t<\/a>\n\t\t\t\t\t\t\t\t\t\t\t\t\t<\/div>\n\t\t\t\t<\/div>\n\t\t\t\t\t<\/div>\n\t\t<\/div>\n\t\t\t\t\t<\/div>\n\t\t<\/section>\n\t\t\t\t\t<\/div>\n\t\t<\/div>\n\t\t\t\t\t<\/div>\n\t\t<\/section>\n\t\t\t\t<section class=\"elementor-section elementor-top-section elementor-element elementor-element-5d95f10 elementor-section-boxed elementor-section-height-default elementor-section-height-default\" data-id=\"5d95f10\" data-element_type=\"section\">\n\t\t\t\t\t\t<div class=\"elementor-container elementor-column-gap-default\">\n\t\t\t\t\t<div class=\"elementor-column elementor-col-100 elementor-top-column elementor-element elementor-element-4602e8e\" data-id=\"4602e8e\" data-element_type=\"column\">\n\t\t\t<div class=\"elementor-widget-wrap elementor-element-populated\">\n\t\t\t\t\t\t<div class=\"elementor-element elementor-element-31c5dd3 elementor-headline--style-highlight elementor-widget elementor-widget-animated-headline\" data-id=\"31c5dd3\" data-element_type=\"widget\" data-settings=\"{&quot;highlighted_text&quot;:&quot;L&#039;APP B&amp;W&quot;,&quot;headline_style&quot;:&quot;highlight&quot;,&quot;marker&quot;:&quot;circle&quot;,&quot;loop&quot;:&quot;yes&quot;,&quot;highlight_animation_duration&quot;:1200,&quot;highlight_iteration_delay&quot;:8000}\" data-widget_type=\"animated-headline.default\">\n\t\t\t\t<div class=\"elementor-widget-container\">\n\t\t\t<link rel=\"stylesheet\" href=\"https:\/\/bnwburger.com\/wp-content\/plugins\/elementor-pro\/assets\/css\/widget-animated-headline.min.css\">\t\t<h2 class=\"elementor-headline\">\n\t\t\t\t\t<span class=\"elementor-headline-plain-text elementor-headline-text-wrapper\">THE ADVANTAGES OF ORDERING ON<\/span>\n\t\t\t\t<span class=\"elementor-headline-dynamic-wrapper elementor-headline-text-wrapper\">\n\t\t\t\t\t<span class=\"elementor-headline-dynamic-text elementor-headline-text-active\">THE B&amp;W APP<\/span>\n\t\t\t\t<\/span>\n\t\t\t\t<\/h2>\n\t\t\t\t<\/div>\n\t\t\t\t<\/div>\n\t\t\t\t\t<\/div>\n\t\t<\/div>\n\t\t\t\t\t<\/div>\n\t\t<\/section>\n\t\t\t\t<section class=\"elementor-section elementor-top-section elementor-element elementor-element-5a1ced6 elementor-section-boxed elementor-section-height-default elementor-section-height-default\" data-id=\"5a1ced6\" data-element_type=\"section\">\n\t\t\t\t\t\t<div class=\"elementor-container elementor-column-gap-default\">\n\t\t\t\t\t<div class=\"elementor-column elementor-col-100 elementor-top-column elementor-element elementor-element-7bb2747\" data-id=\"7bb2747\" data-element_type=\"column\">\n\t\t\t<div class=\"elementor-widget-wrap elementor-element-populated\">\n\t\t\t\t\t\t<div class=\"elementor-element elementor-element-c5152ed elementor-skin-carousel elementor-arrows-yes elementor-widget elementor-widget-media-carousel\" data-id=\"c5152ed\" data-element_type=\"widget\" data-settings=\"{&quot;space_between&quot;:{&quot;unit&quot;:&quot;px&quot;,&quot;size&quot;:8,&quot;sizes&quot;:[]},&quot;skin&quot;:&quot;carousel&quot;,&quot;effect&quot;:&quot;slide&quot;,&quot;show_arrows&quot;:&quot;yes&quot;,&quot;speed&quot;:500,&quot;autoplay&quot;:&quot;yes&quot;,&quot;autoplay_speed&quot;:5000,&quot;loop&quot;:&quot;yes&quot;,&quot;pause_on_hover&quot;:&quot;yes&quot;,&quot;pause_on_interaction&quot;:&quot;yes&quot;,&quot;space_between_tablet&quot;:{&quot;unit&quot;:&quot;px&quot;,&quot;size&quot;:10,&quot;sizes&quot;:[]},&quot;space_between_mobile&quot;:{&quot;unit&quot;:&quot;px&quot;,&quot;size&quot;:10,&quot;sizes&quot;:[]}}\" data-widget_type=\"media-carousel.default\">\n\t\t\t\t<div class=\"elementor-widget-container\">\n\t\t\t<link rel=\"stylesheet\" href=\"https:\/\/bnwburger.com\/wp-content\/plugins\/elementor-pro\/assets\/css\/widget-carousel.min.css\">\t\t<div class=\"elementor-swiper\">\n\t\t\t<div class=\"elementor-main-swiper swiper\">\n\t\t\t\t<div class=\"swiper-wrapper\">\n\t\t\t\t\t\t\t\t\t\t\t<div class=\"swiper-slide\">\n\t\t\t\t\t\t\t<a href=\"https:\/\/commande.bnwburger.com\/\">\t\t<div class=\"elementor-carousel-image\" role=\"img\" aria-label=\"2\" style=\"background-image: url(&#039;https:\/\/bnwburger.com\/wp-content\/uploads\/2025\/11\/2-3.png&#039;)\">\n\n\t\t\t\n\t\t\t\t\t<\/div>\n\t\t<\/a>\t\t\t\t\t\t<\/div>\n\t\t\t\t\t\t\t\t\t\t\t<div class=\"swiper-slide\">\n\t\t\t\t\t\t\t\t\t<div class=\"elementor-carousel-image\" role=\"img\" aria-label=\"3\" style=\"background-image: url(&#039;https:\/\/bnwburger.com\/wp-content\/uploads\/2025\/11\/3-3.png&#039;)\">\n\n\t\t\t\n\t\t\t\t\t<\/div>\n\t\t\t\t\t\t\t\t<\/div>\n\t\t\t\t\t\t\t\t\t\t\t<div class=\"swiper-slide\">\n\t\t\t\t\t\t\t\t\t<div class=\"elementor-carousel-image\" role=\"img\" aria-label=\"4\" style=\"background-image: url(&#039;https:\/\/bnwburger.com\/wp-content\/uploads\/2025\/11\/4-3.png&#039;)\">\n\n\t\t\t\n\t\t\t\t\t<\/div>\n\t\t\t\t\t\t\t\t<\/div>\n\t\t\t\t\t\t\t\t\t\t\t<div class=\"swiper-slide\">\n\t\t\t\t\t\t\t\t\t<div class=\"elementor-carousel-image\" role=\"img\" aria-label=\"5\" style=\"background-image: url(&#039;https:\/\/bnwburger.com\/wp-content\/uploads\/2025\/11\/5-2.png&#039;)\">\n\n\t\t\t\n\t\t\t\t\t<\/div>\n\t\t\t\t\t\t\t\t<\/div>\n\t\t\t\t\t\t\t\t\t\t\t<div class=\"swiper-slide\">\n\t\t\t\t\t\t\t\t\t<div class=\"elementor-carousel-image\" role=\"img\" aria-label=\"6\" style=\"background-image: url(&#039;https:\/\/bnwburger.com\/wp-content\/uploads\/2025\/11\/6-2.png&#039;)\">\n\n\t\t\t\n\t\t\t\t\t<\/div>\n\t\t\t\t\t\t\t\t<\/div>\n\t\t\t\t\t\t\t\t\t<\/div>\n\t\t\t\t\t\t\t\t\t\t\t\t\t\t\t\t\t\t\t\t<div class=\"elementor-swiper-button elementor-swiper-button-prev\" role=\"button\" tabindex=\"0\">\n\t\t\t\t\t\t\t<svg aria-hidden=\"true\" class=\"e-font-icon-svg e-eicon-chevron-left\" viewbox=\"0 0 1000 1000\" xmlns=\"http:\/\/www.w3.org\/2000\/svg\"><path d=\"M646 125C629 125 613 133 604 142L308 442C296 454 292 471 292 487 292 504 296 521 308 533L604 854C617 867 629 875 646 875 663 875 679 871 692 858 704 846 713 829 713 812 713 796 708 779 692 767L438 487 692 225C700 217 708 204 708 187 708 171 704 154 692 142 675 129 663 125 646 125Z\"><\/path><\/svg>\t\t\t\t\t\t\t<span class=\"elementor-screen-only\">Previous<\/span>\n\t\t\t\t\t\t<\/div>\n\t\t\t\t\t\t<div class=\"elementor-swiper-button elementor-swiper-button-next\" role=\"button\" tabindex=\"0\">\n\t\t\t\t\t\t\t<svg aria-hidden=\"true\" class=\"e-font-icon-svg e-eicon-chevron-right\" viewbox=\"0 0 1000 1000\" xmlns=\"http:\/\/www.w3.org\/2000\/svg\"><path d=\"M696 533C708 521 713 504 713 487 713 471 708 454 696 446L400 146C388 133 375 125 354 125 338 125 325 129 313 142 300 154 292 171 292 187 292 204 296 221 308 233L563 492 304 771C292 783 288 800 288 817 288 833 296 850 308 863 321 871 338 875 354 875 371 875 388 867 400 854L696 533Z\"><\/path><\/svg>\t\t\t\t\t\t\t<span class=\"elementor-screen-only\">Next<\/span>\n\t\t\t\t\t\t<\/div>\n\t\t\t\t\t\t\t\t\t\t\t\t<\/div>\n\t\t<\/div>\n\t\t\t\t<\/div>\n\t\t\t\t<\/div>\n\t\t\t\t\t<\/div>\n\t\t<\/div>\n\t\t\t\t\t<\/div>\n\t\t<\/section>\n\t\t\t\t<\/div>","protected":false},"excerpt":{"rendered":"<p>DISCOVER OUR APPLICATION Download the tastiest application in the store! Join the Black &amp; White Burger app to benefit from an exclusive offer and our loyalty programme! THE BENEFITS OF ORDERING ON THE B&amp;W APP Previous Next<\/p>","protected":false},"author":5,"featured_media":0,"parent":0,"menu_order":0,"comment_status":"closed","ping_status":"closed","template":"elementor_header_footer","meta":{"footnotes":""},"yoast_head":"<!-- This site is optimized with the Yoast SEO plugin v23.0 - https:\/\/yoast.com\/wordpress\/plugins\/seo\/ -->\n<title>Application mobile - Black and White Burger<\/title>\n<meta name=\"description\" content=\"T\u00e9l\u00e9chargez notre application mobile sur iOS et Android et profitez d\u2019une exp\u00e9rience fluide, rapide et adapt\u00e9e pour g\u00e9rer vos services en toute simplicit\u00e9.\" \/>\n<meta name=\"robots\" content=\"index, follow, max-snippet:-1, max-image-preview:large, max-video-preview:-1\" \/>\n<link rel=\"canonical\" href=\"https:\/\/bnwburger.com\/en\/application-mobile\/\" \/>\n<meta property=\"og:locale\" content=\"en_GB\" \/>\n<meta property=\"og:type\" content=\"article\" \/>\n<meta property=\"og:title\" content=\"Application mobile - Black and White Burger\" \/>\n<meta property=\"og:description\" content=\"T\u00e9l\u00e9chargez notre application mobile sur iOS et Android et profitez d\u2019une exp\u00e9rience fluide, rapide et adapt\u00e9e pour g\u00e9rer vos services en toute simplicit\u00e9.\" \/>\n<meta property=\"og:url\" content=\"https:\/\/bnwburger.com\/en\/application-mobile\/\" \/>\n<meta property=\"og:site_name\" content=\"Black and White Burger\" \/>\n<meta property=\"article:publisher\" content=\"https:\/\/www.facebook.com\/blacknwhiteburger\" \/>\n<meta property=\"article:modified_time\" content=\"2025-11-24T14:22:05+00:00\" \/>\n<meta property=\"og:image\" content=\"https:\/\/bnwburger.com\/wp-content\/uploads\/2025\/10\/APP-BW-1536x1536.png\" \/>\n<meta name=\"twitter:card\" content=\"summary_large_image\" \/>\n<meta name=\"twitter:label1\" content=\"Estimated reading time\" \/>\n\t<meta name=\"twitter:data1\" content=\"1 minute\" \/>\n<script type=\"application\/ld+json\" class=\"yoast-schema-graph\">{\"@context\":\"https:\/\/schema.org\",\"@graph\":[{\"@type\":\"WebPage\",\"@id\":\"https:\/\/bnwburger.com\/application-mobile\/\",\"url\":\"https:\/\/bnwburger.com\/application-mobile\/\",\"name\":\"Application mobile - Black and White Burger\",\"isPartOf\":{\"@id\":\"https:\/\/bnwburger.com\/#website\"},\"primaryImageOfPage\":{\"@id\":\"https:\/\/bnwburger.com\/application-mobile\/#primaryimage\"},\"image\":{\"@id\":\"https:\/\/bnwburger.com\/application-mobile\/#primaryimage\"},\"thumbnailUrl\":\"https:\/\/bnwburger.com\/wp-content\/uploads\/2025\/10\/APP-BW-1536x1536.png\",\"datePublished\":\"2025-10-06T12:52:53+00:00\",\"dateModified\":\"2025-11-24T14:22:05+00:00\",\"description\":\"T\u00e9l\u00e9chargez notre application mobile sur iOS et Android et profitez d\u2019une exp\u00e9rience fluide, rapide et adapt\u00e9e pour g\u00e9rer vos services en toute simplicit\u00e9.\",\"breadcrumb\":{\"@id\":\"https:\/\/bnwburger.com\/application-mobile\/#breadcrumb\"},\"inLanguage\":\"en-GB\",\"potentialAction\":[{\"@type\":\"ReadAction\",\"target\":[\"https:\/\/bnwburger.com\/application-mobile\/\"]}]},{\"@type\":\"ImageObject\",\"inLanguage\":\"en-GB\",\"@id\":\"https:\/\/bnwburger.com\/application-mobile\/#primaryimage\",\"url\":\"https:\/\/bnwburger.com\/wp-content\/uploads\/2025\/10\/APP-BW-1536x1536.png\",\"contentUrl\":\"https:\/\/bnwburger.com\/wp-content\/uploads\/2025\/10\/APP-BW-1536x1536.png\"},{\"@type\":\"BreadcrumbList\",\"@id\":\"https:\/\/bnwburger.com\/application-mobile\/#breadcrumb\",\"itemListElement\":[{\"@type\":\"ListItem\",\"position\":1,\"name\":\"Accueil\",\"item\":\"https:\/\/bnwburger.com\/\"},{\"@type\":\"ListItem\",\"position\":2,\"name\":\"Application mobile\"}]},{\"@type\":\"WebSite\",\"@id\":\"https:\/\/bnwburger.com\/#website\",\"url\":\"https:\/\/bnwburger.com\/\",\"name\":\"Black and White Burger\",\"description\":\"Not a burger, a vogue\",\"publisher\":{\"@id\":\"https:\/\/bnwburger.com\/#organization\"},\"potentialAction\":[{\"@type\":\"SearchAction\",\"target\":{\"@type\":\"EntryPoint\",\"urlTemplate\":\"https:\/\/bnwburger.com\/?s={search_term_string}\"},\"query-input\":\"required name=search_term_string\"}],\"inLanguage\":\"en-GB\"},{\"@type\":\"Organization\",\"@id\":\"https:\/\/bnwburger.com\/#organization\",\"name\":\"Black and White Burger\",\"url\":\"https:\/\/bnwburger.com\/\",\"logo\":{\"@type\":\"ImageObject\",\"inLanguage\":\"en-GB\",\"@id\":\"https:\/\/bnwburger.com\/#\/schema\/logo\/image\/\",\"url\":\"https:\/\/bnwburger.com\/wp-content\/uploads\/2024\/01\/Fichier-1@2x.png\",\"contentUrl\":\"https:\/\/bnwburger.com\/wp-content\/uploads\/2024\/01\/Fichier-1@2x.png\",\"width\":2091,\"height\":868,\"caption\":\"Black and White Burger\"},\"image\":{\"@id\":\"https:\/\/bnwburger.com\/#\/schema\/logo\/image\/\"},\"sameAs\":[\"https:\/\/www.facebook.com\/blacknwhiteburger\"]}]}<\/script>\n<!-- \/ Yoast SEO plugin. -->","yoast_head_json":{"title":"Application mobile - Black and White Burger","description":"T\u00e9l\u00e9chargez notre application mobile sur iOS et Android et profitez d\u2019une exp\u00e9rience fluide, rapide et adapt\u00e9e pour g\u00e9rer vos services en toute simplicit\u00e9.","robots":{"index":"index","follow":"follow","max-snippet":"max-snippet:-1","max-image-preview":"max-image-preview:large","max-video-preview":"max-video-preview:-1"},"canonical":"https:\/\/bnwburger.com\/en\/application-mobile\/","og_locale":"en_GB","og_type":"article","og_title":"Application mobile - Black and White Burger","og_description":"T\u00e9l\u00e9chargez notre application mobile sur iOS et Android et profitez d\u2019une exp\u00e9rience fluide, rapide et adapt\u00e9e pour g\u00e9rer vos services en toute simplicit\u00e9.","og_url":"https:\/\/bnwburger.com\/en\/application-mobile\/","og_site_name":"Black and White Burger","article_publisher":"https:\/\/www.facebook.com\/blacknwhiteburger","article_modified_time":"2025-11-24T14:22:05+00:00","og_image":[{"url":"https:\/\/bnwburger.com\/wp-content\/uploads\/2025\/10\/APP-BW-1536x1536.png"}],"twitter_card":"summary_large_image","twitter_misc":{"Estimated reading time":"1 minute"},"schema":{"@context":"https:\/\/schema.org","@graph":[{"@type":"WebPage","@id":"https:\/\/bnwburger.com\/application-mobile\/","url":"https:\/\/bnwburger.com\/application-mobile\/","name":"Application mobile - Black and White Burger","isPartOf":{"@id":"https:\/\/bnwburger.com\/#website"},"primaryImageOfPage":{"@id":"https:\/\/bnwburger.com\/application-mobile\/#primaryimage"},"image":{"@id":"https:\/\/bnwburger.com\/application-mobile\/#primaryimage"},"thumbnailUrl":"https:\/\/bnwburger.com\/wp-content\/uploads\/2025\/10\/APP-BW-1536x1536.png","datePublished":"2025-10-06T12:52:53+00:00","dateModified":"2025-11-24T14:22:05+00:00","description":"T\u00e9l\u00e9chargez notre application mobile sur iOS et Android et profitez d\u2019une exp\u00e9rience fluide, rapide et adapt\u00e9e pour g\u00e9rer vos services en toute simplicit\u00e9.","breadcrumb":{"@id":"https:\/\/bnwburger.com\/application-mobile\/#breadcrumb"},"inLanguage":"en-GB","potentialAction":[{"@type":"ReadAction","target":["https:\/\/bnwburger.com\/application-mobile\/"]}]},{"@type":"ImageObject","inLanguage":"en-GB","@id":"https:\/\/bnwburger.com\/application-mobile\/#primaryimage","url":"https:\/\/bnwburger.com\/wp-content\/uploads\/2025\/10\/APP-BW-1536x1536.png","contentUrl":"https:\/\/bnwburger.com\/wp-content\/uploads\/2025\/10\/APP-BW-1536x1536.png"},{"@type":"BreadcrumbList","@id":"https:\/\/bnwburger.com\/application-mobile\/#breadcrumb","itemListElement":[{"@type":"ListItem","position":1,"name":"Accueil","item":"https:\/\/bnwburger.com\/"},{"@type":"ListItem","position":2,"name":"Application mobile"}]},{"@type":"WebSite","@id":"https:\/\/bnwburger.com\/#website","url":"https:\/\/bnwburger.com\/","name":"Black and White Burger","description":"Not a burger, a vogue","publisher":{"@id":"https:\/\/bnwburger.com\/#organization"},"potentialAction":[{"@type":"SearchAction","target":{"@type":"EntryPoint","urlTemplate":"https:\/\/bnwburger.com\/?s={search_term_string}"},"query-input":"required name=search_term_string"}],"inLanguage":"en-GB"},{"@type":"Organization","@id":"https:\/\/bnwburger.com\/#organization","name":"Black and White Burger","url":"https:\/\/bnwburger.com\/","logo":{"@type":"ImageObject","inLanguage":"en-GB","@id":"https:\/\/bnwburger.com\/#\/schema\/logo\/image\/","url":"https:\/\/bnwburger.com\/wp-content\/uploads\/2024\/01\/Fichier-1@2x.png","contentUrl":"https:\/\/bnwburger.com\/wp-content\/uploads\/2024\/01\/Fichier-1@2x.png","width":2091,"height":868,"caption":"Black and White Burger"},"image":{"@id":"https:\/\/bnwburger.com\/#\/schema\/logo\/image\/"},"sameAs":["https:\/\/www.facebook.com\/blacknwhiteburger"]}]}},"_links":{"self":[{"href":"https:\/\/bnwburger.com\/en\/wp-json\/wp\/v2\/pages\/3916"}],"collection":[{"href":"https:\/\/bnwburger.com\/en\/wp-json\/wp\/v2\/pages"}],"about":[{"href":"https:\/\/bnwburger.com\/en\/wp-json\/wp\/v2\/types\/page"}],"author":[{"embeddable":true,"href":"https:\/\/bnwburger.com\/en\/wp-json\/wp\/v2\/users\/5"}],"replies":[{"embeddable":true,"href":"https:\/\/bnwburger.com\/en\/wp-json\/wp\/v2\/comments?post=3916"}],"version-history":[{"count":95,"href":"https:\/\/bnwburger.com\/en\/wp-json\/wp\/v2\/pages\/3916\/revisions"}],"predecessor-version":[{"id":4445,"href":"https:\/\/bnwburger.com\/en\/wp-json\/wp\/v2\/pages\/3916\/revisions\/4445"}],"wp:attachment":[{"href":"https:\/\/bnwburger.com\/en\/wp-json\/wp\/v2\/media?parent=3916"}],"curies":[{"name":"wp","href":"https:\/\/api.w.org\/{rel}","templated":true}]}}