{"id":353,"date":"2024-01-17T18:48:52","date_gmt":"2024-01-17T17:48:52","guid":{"rendered":"https:\/\/bnwburger.com\/?page_id=353"},"modified":"2025-12-03T09:41:18","modified_gmt":"2025-12-03T08:41:18","slug":"mentions-legales","status":"publish","type":"page","link":"https:\/\/bnwburger.com\/en\/mentions-legales\/","title":{"rendered":"Legal information"},"content":{"rendered":"<div data-elementor-type=\"wp-page\" data-elementor-id=\"353\" class=\"elementor elementor-353\" data-elementor-post-type=\"page\">\n\t\t\t\t\t\t<section class=\"elementor-section elementor-top-section elementor-element elementor-element-7b5e0ffc elementor-section-boxed elementor-section-height-default elementor-section-height-default\" data-id=\"7b5e0ffc\" data-element_type=\"section\" data-settings=\"{&quot;background_background&quot;:&quot;classic&quot;}\">\n\t\t\t\t\t\t<div class=\"elementor-container elementor-column-gap-default\">\n\t\t\t\t\t<div class=\"elementor-column elementor-col-100 elementor-top-column elementor-element elementor-element-46f2aca5\" data-id=\"46f2aca5\" data-element_type=\"column\">\n\t\t\t<div class=\"elementor-widget-wrap elementor-element-populated\">\n\t\t\t\t\t\t<div class=\"elementor-element elementor-element-21f194da elementor-widget elementor-widget-heading\" data-id=\"21f194da\" data-element_type=\"widget\" data-widget_type=\"heading.default\">\n\t\t\t\t<div class=\"elementor-widget-container\">\n\t\t\t<style>\/*! elementor - v3.23.0 - 05-08-2024 *\/\n.elementor-heading-title{padding:0;margin:0;line-height:1}.elementor-widget-heading .elementor-heading-title[class*=elementor-size-]>a{color:inherit;font-size:inherit;line-height:inherit}.elementor-widget-heading .elementor-heading-title.elementor-size-small{font-size:15px}.elementor-widget-heading .elementor-heading-title.elementor-size-medium{font-size:19px}.elementor-widget-heading .elementor-heading-title.elementor-size-large{font-size:29px}.elementor-widget-heading .elementor-heading-title.elementor-size-xl{font-size:39px}.elementor-widget-heading .elementor-heading-title.elementor-size-xxl{font-size:59px}<\/style><h2 class=\"elementor-heading-title elementor-size-default\">Legal information<\/h2>\t\t<\/div>\n\t\t\t\t<\/div>\n\t\t\t\t<div class=\"elementor-element elementor-element-193dd67 elementor-widget elementor-widget-text-editor\" data-id=\"193dd67\" data-element_type=\"widget\" data-widget_type=\"text-editor.default\">\n\t\t\t\t<div class=\"elementor-widget-container\">\n\t\t\t<style>\/*! elementor - v3.23.0 - 05-08-2024 *\/\n.elementor-widget-text-editor.elementor-drop-cap-view-stacked .elementor-drop-cap{background-color:#69727d;color:#fff}.elementor-widget-text-editor.elementor-drop-cap-view-framed .elementor-drop-cap{color:#69727d;border:3px solid;background-color:transparent}.elementor-widget-text-editor:not(.elementor-drop-cap-view-default) .elementor-drop-cap{margin-top:8px}.elementor-widget-text-editor:not(.elementor-drop-cap-view-default) .elementor-drop-cap-letter{width:1em;height:1em}.elementor-widget-text-editor .elementor-drop-cap{float:left;text-align:center;line-height:1;font-size:50px}.elementor-widget-text-editor .elementor-drop-cap-letter{display:inline-block}<\/style>\t\t\t\t<p><b>1. SITE PUBLISHER<\/b><\/p><p>Publisher: The bnwburger.com website is published by BLACK CHEDDAR, a simplified joint stock company.<br \/>with a capital of 1000 euros, registered with the Registre du Commerce et des Soci\u00e9t\u00e9s de Paris under the number<br \/>number 847 794 278, whose registered office is at :<\/p><p>10, Rue Greneta, 75003 Paris, France.<\/p><p>Telephone :<br \/>E-mail: serviceclient@bnwburger.com<br \/>Publication manager: Mr Djamboulat MARZAGANOV in his capacity as Chairman of the<br \/>BLACK CHEDDAR company<br \/>Editorial manager: Mr Djamboulat MARZAGANOV<br \/>VAT number: FR69847794278<br \/>SIRET: 84779427800022<\/p><p>Site hosted by HOSTINGER INTERNATIONAL LTD, whose registered office is at 61<br \/>Lordou Vironos Street, 6023 Larnaca, Cyprus and the telephone number is +37064503378.<\/p><p><strong>2. PERSONAL DATA<\/strong>BLACK CHEDDAR collects personal data in connection with the Site and for the following purposes<br \/>the Application.<br \/>To find out more about BLACK CHEDDAR's practices regarding the collection, use and disclosure of information<br \/>communication of personal data as well as provisions relating to the exercise of rights<br \/>Users are invited to consult our privacy policy.<br \/>The bnwburger.com website uses cookies to improve the browsing experience of users.<br \/>users. By continuing to browse the site, you accept the use of these cookies. For<br \/>For more information on the use of cookies, please consult our cookies policy.<\/p><p><b>3. SITE HOST<\/b><\/p><p>The bnwburger.com website is hosted by Hostinger<\/p><p>Registered office: HOSTINGER INTERNATIONAL LTD, 61 Lordou Vironos Street, 6023 Larnaca, Cyprus<\/p><p><b>4. INTELLECTUAL PROPERTY<\/b><\/p><p>The content of the bnwburger.com site (text, images, videos, etc.) is the exclusive property of BLACK CHEDDAR and is protected by current intellectual property laws. Any reproduction, distribution, modification or use of the content without the written permission of BLACK CHEDDAR is strictly prohibited.<\/p><p><b>5. COLLECTION OF PERSONAL DATA<\/b><\/p><p>In accordance with the regulations in force, BLACK CHEDDAR collects personal data from users of the bnwburger.com website solely for the purpose of providing the services offered. This data is treated confidentially and will not be transferred or sold to third parties under any circumstances. For further information, please consult our privacy policy.<\/p><p><b>6. COOKIES<\/b><\/p><p>The bnwburger.com website uses cookies to improve users' browsing experience. By continuing to browse the site, you agree to the use of these cookies. For more information on the use of cookies, please consult our cookie policy.<\/p><p><b>7. LIMITATION OF LIABILITY<\/b><\/p><p>BLACK CHEDDAR declines all responsibility for the use of the content of the bnwburgers.com site. The company may not be held liable for any direct or indirect damage resulting from access to or use of the site.<\/p><p><b>8. APPLICABLE LAW AND JURISDICTION<\/b><\/p><p>This legal notice is governed by French law. In the event of a dispute, the competent courts will be those of Paris.<\/p>\t\t\t\t\t\t<\/div>\n\t\t\t\t<\/div>\n\t\t\t\t\t<\/div>\n\t\t<\/div>\n\t\t\t\t\t<\/div>\n\t\t<\/section>\n\t\t\t\t<\/div>","protected":false},"excerpt":{"rendered":"<p>Legal information 1. WEBSITE PUBLISHER Publisher : The bnwburger.com website is published by BLACK CHEDDAR, a simplified joint stock company with a capital of 1000 euros, registered with the Paris Trade and Companies Register under number 847 794 278, whose registered office is located at : 10, Rue Greneta, 75003 Paris, France. Telephone:E-mail [...]<\/p>","protected":false},"author":1,"featured_media":0,"parent":0,"menu_order":0,"comment_status":"closed","ping_status":"closed","template":"elementor_header_footer","meta":{"footnotes":""},"yoast_head":"<!-- This site is optimized with the Yoast SEO plugin v23.0 - https:\/\/yoast.com\/wordpress\/plugins\/seo\/ -->\n<title>Mentions l\u00e9gales - Black and White Burger<\/title>\n<meta name=\"robots\" content=\"index, follow, max-snippet:-1, max-image-preview:large, max-video-preview:-1\" \/>\n<link rel=\"canonical\" href=\"https:\/\/bnwburger.com\/en\/mentions-legales\/\" \/>\n<meta property=\"og:locale\" content=\"en_GB\" \/>\n<meta property=\"og:type\" content=\"article\" \/>\n<meta property=\"og:title\" content=\"Mentions l\u00e9gales - Black and White Burger\" \/>\n<meta property=\"og:description\" content=\"Mentions l\u00e9gales 1. \u00c9DITEUR DU SITE Editeur : Le site bnwburger.com est \u00e9dit\u00e9 par BLACK CHEDDAR, soci\u00e9t\u00e9 par actions simplifi\u00e9eau capital de 1000 euros, immatricul\u00e9e au Registre du Commerce et des Soci\u00e9t\u00e9s de Paris sous lenum\u00e9ro 847 794 278, dont le si\u00e8ge social est situ\u00e9 au : 10, Rue Greneta, 75003 Paris, France. T\u00e9l\u00e9phone :E-mail [&hellip;]\" \/>\n<meta property=\"og:url\" content=\"https:\/\/bnwburger.com\/en\/mentions-legales\/\" \/>\n<meta property=\"og:site_name\" content=\"Black and White Burger\" \/>\n<meta property=\"article:publisher\" content=\"https:\/\/www.facebook.com\/blacknwhiteburger\" \/>\n<meta property=\"article:modified_time\" content=\"2025-12-03T08:41:18+00:00\" \/>\n<meta property=\"og:image\" content=\"https:\/\/bnwburger.com\/wp-content\/uploads\/2024\/02\/271267261_446412527221187_5437619052329202212_n.webp\" \/>\n\t<meta property=\"og:image:width\" content=\"1920\" \/>\n\t<meta property=\"og:image:height\" content=\"1283\" \/>\n\t<meta property=\"og:image:type\" content=\"image\/webp\" \/>\n<meta name=\"twitter:card\" content=\"summary_large_image\" \/>\n<meta name=\"twitter:label1\" content=\"Estimated reading time\" \/>\n\t<meta name=\"twitter:data1\" content=\"2 minutes\" \/>\n<script type=\"application\/ld+json\" class=\"yoast-schema-graph\">{\"@context\":\"https:\/\/schema.org\",\"@graph\":[{\"@type\":\"WebPage\",\"@id\":\"https:\/\/bnwburger.com\/mentions-legales\/\",\"url\":\"https:\/\/bnwburger.com\/mentions-legales\/\",\"name\":\"Mentions l\u00e9gales - Black and White Burger\",\"isPartOf\":{\"@id\":\"https:\/\/bnwburger.com\/#website\"},\"datePublished\":\"2024-01-17T17:48:52+00:00\",\"dateModified\":\"2025-12-03T08:41:18+00:00\",\"breadcrumb\":{\"@id\":\"https:\/\/bnwburger.com\/mentions-legales\/#breadcrumb\"},\"inLanguage\":\"en-GB\",\"potentialAction\":[{\"@type\":\"ReadAction\",\"target\":[\"https:\/\/bnwburger.com\/mentions-legales\/\"]}]},{\"@type\":\"BreadcrumbList\",\"@id\":\"https:\/\/bnwburger.com\/mentions-legales\/#breadcrumb\",\"itemListElement\":[{\"@type\":\"ListItem\",\"position\":1,\"name\":\"Accueil\",\"item\":\"https:\/\/bnwburger.com\/\"},{\"@type\":\"ListItem\",\"position\":2,\"name\":\"Mentions l\u00e9gales\"}]},{\"@type\":\"WebSite\",\"@id\":\"https:\/\/bnwburger.com\/#website\",\"url\":\"https:\/\/bnwburger.com\/\",\"name\":\"Black and White Burger\",\"description\":\"Not a burger, a vogue\",\"publisher\":{\"@id\":\"https:\/\/bnwburger.com\/#organization\"},\"potentialAction\":[{\"@type\":\"SearchAction\",\"target\":{\"@type\":\"EntryPoint\",\"urlTemplate\":\"https:\/\/bnwburger.com\/?s={search_term_string}\"},\"query-input\":\"required name=search_term_string\"}],\"inLanguage\":\"en-GB\"},{\"@type\":\"Organization\",\"@id\":\"https:\/\/bnwburger.com\/#organization\",\"name\":\"Black and White Burger\",\"url\":\"https:\/\/bnwburger.com\/\",\"logo\":{\"@type\":\"ImageObject\",\"inLanguage\":\"en-GB\",\"@id\":\"https:\/\/bnwburger.com\/#\/schema\/logo\/image\/\",\"url\":\"https:\/\/bnwburger.com\/wp-content\/uploads\/2024\/01\/Fichier-1@2x.png\",\"contentUrl\":\"https:\/\/bnwburger.com\/wp-content\/uploads\/2024\/01\/Fichier-1@2x.png\",\"width\":2091,\"height\":868,\"caption\":\"Black and White Burger\"},\"image\":{\"@id\":\"https:\/\/bnwburger.com\/#\/schema\/logo\/image\/\"},\"sameAs\":[\"https:\/\/www.facebook.com\/blacknwhiteburger\"]}]}<\/script>\n<!-- \/ Yoast SEO plugin. -->","yoast_head_json":{"title":"Mentions l\u00e9gales - Black and White Burger","robots":{"index":"index","follow":"follow","max-snippet":"max-snippet:-1","max-image-preview":"max-image-preview:large","max-video-preview":"max-video-preview:-1"},"canonical":"https:\/\/bnwburger.com\/en\/mentions-legales\/","og_locale":"en_GB","og_type":"article","og_title":"Mentions l\u00e9gales - Black and White Burger","og_description":"Mentions l\u00e9gales 1. \u00c9DITEUR DU SITE Editeur : Le site bnwburger.com est \u00e9dit\u00e9 par BLACK CHEDDAR, soci\u00e9t\u00e9 par actions simplifi\u00e9eau capital de 1000 euros, immatricul\u00e9e au Registre du Commerce et des Soci\u00e9t\u00e9s de Paris sous lenum\u00e9ro 847 794 278, dont le si\u00e8ge social est situ\u00e9 au : 10, Rue Greneta, 75003 Paris, France. T\u00e9l\u00e9phone :E-mail [&hellip;]","og_url":"https:\/\/bnwburger.com\/en\/mentions-legales\/","og_site_name":"Black and White Burger","article_publisher":"https:\/\/www.facebook.com\/blacknwhiteburger","article_modified_time":"2025-12-03T08:41:18+00:00","og_image":[{"width":1920,"height":1283,"url":"https:\/\/bnwburger.com\/wp-content\/uploads\/2024\/02\/271267261_446412527221187_5437619052329202212_n.webp","type":"image\/webp"}],"twitter_card":"summary_large_image","twitter_misc":{"Estimated reading time":"2 minutes"},"schema":{"@context":"https:\/\/schema.org","@graph":[{"@type":"WebPage","@id":"https:\/\/bnwburger.com\/mentions-legales\/","url":"https:\/\/bnwburger.com\/mentions-legales\/","name":"Mentions l\u00e9gales - Black and White Burger","isPartOf":{"@id":"https:\/\/bnwburger.com\/#website"},"datePublished":"2024-01-17T17:48:52+00:00","dateModified":"2025-12-03T08:41:18+00:00","breadcrumb":{"@id":"https:\/\/bnwburger.com\/mentions-legales\/#breadcrumb"},"inLanguage":"en-GB","potentialAction":[{"@type":"ReadAction","target":["https:\/\/bnwburger.com\/mentions-legales\/"]}]},{"@type":"BreadcrumbList","@id":"https:\/\/bnwburger.com\/mentions-legales\/#breadcrumb","itemListElement":[{"@type":"ListItem","position":1,"name":"Accueil","item":"https:\/\/bnwburger.com\/"},{"@type":"ListItem","position":2,"name":"Mentions l\u00e9gales"}]},{"@type":"WebSite","@id":"https:\/\/bnwburger.com\/#website","url":"https:\/\/bnwburger.com\/","name":"Black and White Burger","description":"Not a burger, a vogue","publisher":{"@id":"https:\/\/bnwburger.com\/#organization"},"potentialAction":[{"@type":"SearchAction","target":{"@type":"EntryPoint","urlTemplate":"https:\/\/bnwburger.com\/?s={search_term_string}"},"query-input":"required name=search_term_string"}],"inLanguage":"en-GB"},{"@type":"Organization","@id":"https:\/\/bnwburger.com\/#organization","name":"Black and White Burger","url":"https:\/\/bnwburger.com\/","logo":{"@type":"ImageObject","inLanguage":"en-GB","@id":"https:\/\/bnwburger.com\/#\/schema\/logo\/image\/","url":"https:\/\/bnwburger.com\/wp-content\/uploads\/2024\/01\/Fichier-1@2x.png","contentUrl":"https:\/\/bnwburger.com\/wp-content\/uploads\/2024\/01\/Fichier-1@2x.png","width":2091,"height":868,"caption":"Black and White Burger"},"image":{"@id":"https:\/\/bnwburger.com\/#\/schema\/logo\/image\/"},"sameAs":["https:\/\/www.facebook.com\/blacknwhiteburger"]}]}},"_links":{"self":[{"href":"https:\/\/bnwburger.com\/en\/wp-json\/wp\/v2\/pages\/353"}],"collection":[{"href":"https:\/\/bnwburger.com\/en\/wp-json\/wp\/v2\/pages"}],"about":[{"href":"https:\/\/bnwburger.com\/en\/wp-json\/wp\/v2\/types\/page"}],"author":[{"embeddable":true,"href":"https:\/\/bnwburger.com\/en\/wp-json\/wp\/v2\/users\/1"}],"replies":[{"embeddable":true,"href":"https:\/\/bnwburger.com\/en\/wp-json\/wp\/v2\/comments?post=353"}],"version-history":[{"count":9,"href":"https:\/\/bnwburger.com\/en\/wp-json\/wp\/v2\/pages\/353\/revisions"}],"predecessor-version":[{"id":4485,"href":"https:\/\/bnwburger.com\/en\/wp-json\/wp\/v2\/pages\/353\/revisions\/4485"}],"wp:attachment":[{"href":"https:\/\/bnwburger.com\/en\/wp-json\/wp\/v2\/media?parent=353"}],"curies":[{"name":"wp","href":"https:\/\/api.w.org\/{rel}","templated":true}]}}